{"id":2087,"date":"2025-04-11T11:04:43","date_gmt":"2025-04-11T11:04:43","guid":{"rendered":"https:\/\/immersafe.pl\/sklep\/?page_id=2087"},"modified":"2025-04-11T11:59:21","modified_gmt":"2025-04-11T11:59:21","slug":"zwroty-i-reklamacje","status":"publish","type":"page","link":"https:\/\/immersafe.pl\/sklep\/zwroty-i-reklamacje\/","title":{"rendered":"Zwroty i reklamacje"},"content":{"rendered":"\n<p><strong>Reklamacja<\/strong><br>Reklamacje dotycz\u0105ce uszkodze\u0144 mechanicznych Towar\u00f3w powsta\u0142ych podczas transportu b\u0119d\u0105 rozpatrywane pod warunkiem spisania protoko\u0142u reklamacyjnego (dost\u0119pnego na stronie sklepu). W takim przypadku Klient powinien niezw\u0142ocznie poinformowa\u0107 sprzedawc\u0119 o tym fakcie za po\u015brednictwem poczty e-mail na adres: adam@immersafe.pl,a nast\u0119pnie oczekiwa\u0107 informacji zwrotnej potwierdzaj\u0105cej fakt reklamowania towaru (w zwi\u0105zku z uszkodzeniami powsta\u0142ymi podczas transportu). Po otrzymanym potwierdzeniu odes\u0142a\u0107 towar na adres magazynu firmy: Immersafe Polska sp. z o.o.: ul. Grabiszy\u0144ska 231 E-F, 53-234 Wroc\u0142aw.<\/p>\n\n\n\n<p>Do odsy\u0142anego towaru nale\u017cy do\u0142\u0105czy\u0107 faktur\u0119 z wype\u0142nionym formularzem reklamacji.<\/p>\n\n\n\n<p>Sklep nie przyjmuje \u017cadnych przesy\u0142ek odsy\u0142anych za pobraniem.<\/p>\n\n\n\n<p>Sklep, najp\u00f3\u017aniej w ci\u0105gu 14 dni od daty otrzymania przesy\u0142ki z reklamowanym towarem, ustosunkuje si\u0119 do z\u0142o\u017conej reklamacji i poinformuje Klienta o dalszym post\u0119powaniu. W przypadku uznania reklamacji, nieuszkodzony towar zostanie odes\u0142any do klienta. Je\u015bli nie b\u0119dzie to mo\u017cliwe (na przyk\u0142ad z powodu wyczerpania zapas\u00f3w towaru), Sklep zwr\u00f3ci Klientowi r\u00f3wnowarto\u015b\u0107 ceny towaru lub zaoferuje mu inne, dost\u0119pne w Sklepie towary do wyboru. Koszty zwi\u0105zane z odes\u0142aniem towaru reklamowanego, Sklep zwraca po pozytywnym rozpatrzeniu reklamacji.<\/p>\n\n\n\n<p><strong>Ustawowa odpowiedzialno\u015b\u0107 Immersafe Polska z tytu\u0142u r\u0119kojmi za wady Towaru jest pomi\u0119dzy Stronami wy\u0142\u0105czona.<\/strong><\/p>\n\n\n\n<p><strong>Immersafe Polska nie przyjmuje zwrotu produkt\u00f3w zakupionych w Sklepie Internetowym.<\/strong><\/p>\n","protected":false},"excerpt":{"rendered":"<p>ReklamacjaReklamacje dotycz\u0105ce uszkodze\u0144 mechanicznych Towar\u00f3w powsta\u0142ych podczas transportu b\u0119d\u0105 rozpatrywane pod warunkiem spisania protoko\u0142u reklamacyjnego (dost\u0119pnego na stronie sklepu). W takim przypadku Klient powinien niezw\u0142ocznie poinformowa\u0107 sprzedawc\u0119 o tym fakcie za po\u015brednictwem poczty e-mail na adres: adam@immersafe.pl,a nast\u0119pnie oczekiwa\u0107 informacji zwrotnej potwierdzaj\u0105cej fakt reklamowania towaru (w zwi\u0105zku z uszkodzeniami powsta\u0142ymi podczas transportu). Po otrzymanym potwierdzeniu [&hellip;]<\/p>\n","protected":false},"author":1,"featured_media":0,"parent":0,"menu_order":0,"comment_status":"closed","ping_status":"closed","template":"","meta":{"footnotes":""},"class_list":["post-2087","page","type-page","status-publish","hentry"],"_links":{"self":[{"href":"https:\/\/immersafe.pl\/sklep\/wp-json\/wp\/v2\/pages\/2087","targetHints":{"allow":["GET"]}}],"collection":[{"href":"https:\/\/immersafe.pl\/sklep\/wp-json\/wp\/v2\/pages"}],"about":[{"href":"https:\/\/immersafe.pl\/sklep\/wp-json\/wp\/v2\/types\/page"}],"author":[{"embeddable":true,"href":"https:\/\/immersafe.pl\/sklep\/wp-json\/wp\/v2\/users\/1"}],"replies":[{"embeddable":true,"href":"https:\/\/immersafe.pl\/sklep\/wp-json\/wp\/v2\/comments?post=2087"}],"version-history":[{"count":2,"href":"https:\/\/immersafe.pl\/sklep\/wp-json\/wp\/v2\/pages\/2087\/revisions"}],"predecessor-version":[{"id":2090,"href":"https:\/\/immersafe.pl\/sklep\/wp-json\/wp\/v2\/pages\/2087\/revisions\/2090"}],"wp:attachment":[{"href":"https:\/\/immersafe.pl\/sklep\/wp-json\/wp\/v2\/media?parent=2087"}],"curies":[{"name":"wp","href":"https:\/\/api.w.org\/{rel}","templated":true}]}}