{"id":313,"date":"2019-03-11T07:22:50","date_gmt":"2019-03-11T07:22:50","guid":{"rendered":"http:\/\/demo.accesspressthemes.com\/zigcy-lite\/demo-one\/?page_id=313"},"modified":"2024-12-03T16:37:56","modified_gmt":"2024-12-03T16:37:56","slug":"o-nas","status":"publish","type":"page","link":"https:\/\/immersafe.pl\/sklep\/o-nas\/","title":{"rendered":"Immersafe Polska sp. z o.o."},"content":{"rendered":"\n<p><strong>Jeste\u015bmy profesjonalnym dostawc\u0105 rozwi\u0105za\u0144 i wiedzy z zakresu Security. Zabezpieczamy mienie naszych klient\u00f3w, kt\u00f3re jest nara\u017cone na ingerencje os\u00f3b trzecich. Cechuje nas elastyczne podej\u015bcie do problem\u00f3w klienta oraz profesjonalne rozwi\u0105zania ka\u017cdego problemu zwi\u0105zanego z zabezpieczeniem proces\u00f3w logistycznych.<\/strong><\/p>\n\n\n\n<p>Nasze do\u015bwiadczenie by\u0142o weryfikowane przez wiele lat w kraju i na rynkach zagranicznych. Prze\u0142o\u017cy\u0142o si\u0119 to na uznanie klient\u00f3w. U nas ka\u017cdy klient jest traktowany indywidualnie, a problemy kt\u00f3re pojawiaj\u0105 si\u0119 w jego procesach logistycznych lub przy zabezpieczaniu d\u00f3br staj\u0105 si\u0119 naszymi zleceniami.<\/p>\n\n\n\n<p>W\u015br\u00f3d oferowanych produkt\u00f3w znajduj\u0105 si\u0119 podstawowe zabezpieczenia w postaci ro\u017cnych rodzaj\u00f3w plomb zabezpieczaj\u0105cych \u2013 plastikowe lub metalowe, zaciskana albo o sta\u0142ej d\u0142ugo\u015bci, wykorzystywane w transporcie i logistyce. Do ochrony lub bezpiecznego transportu got\u00f3wki, wa\u017cnych dokument\u00f3w czy cennych przedmiot\u00f3w przygotowali\u015bmy najnowsze i najlepiej zabezpieczone koperty bezpieczne i portfele depozytowe. Innym oferowanym zabezpieczeniem, najprostszym w u\u017cyciu ale niezwykle skutecznym przy zabezpieczaniu przesy\u0142ek, drzwi do pomieszcze\u0144 czy szaf s\u0105 etykiety i ta\u015bmy VOID, kt\u00f3re po odklejeniu zostawiaj\u0105 ostrzegawczy napis.<\/p>\n\n\n\n<p>W naszym rozwoju bardzo du\u017cy nacisk k\u0142adziemy na ci\u0105g\u0142e poszukiwanie nowych rozwi\u0105za\u0144 i zabezpiecze\u0144 dla wielu bran\u017c, a szczeg\u00f3le wa\u017cna jest dla nas logistyka got\u00f3wki, ochrona transportu i magazyn\u00f3w oraz zabezpieczenia infrastruktury wysokiego ryzyka.<\/p>\n\n\n\n<p>Posiadamy 20 LAT do\u015bwiadczana, kt\u00f3re zdobywamy w Polsce i Europie. Znamy od podstaw wymagania i potrzeby naszych klient\u00f3w. Nasz zesp\u00f3\u0142 zdobywa\u0142 do\u015bwiadczenie i wiedz\u0119 na rynku zabezpiecze\u0144, logistyki \u015brodk\u00f3w pieni\u0119\u017cnych i ochrony dystrybucji bior\u0105c udzia\u0142 w najwi\u0119kszych projektach dla g\u0142\u00f3wnych marek detalicznych. Jako zaufani konsultanci wspieramy naszych partner\u00f3w wiedz\u0105 i do\u015bwiadczeniem. Wsp\u00f3lnie wybieramy najlepsze rozwi\u0105zania, kt\u00f3re s\u0105 dopasowane do indywidualnych potrzeb.<\/p>\n","protected":false},"excerpt":{"rendered":"<p>Jeste\u015bmy profesjonalnym dostawc\u0105 rozwi\u0105za\u0144 i wiedzy z zakresu Security. Zabezpieczamy mienie naszych klient\u00f3w, kt\u00f3re jest nara\u017cone na ingerencje os\u00f3b trzecich. Cechuje nas elastyczne podej\u015bcie do problem\u00f3w klienta oraz profesjonalne rozwi\u0105zania ka\u017cdego problemu zwi\u0105zanego z zabezpieczeniem proces\u00f3w logistycznych. Nasze do\u015bwiadczenie by\u0142o weryfikowane przez wiele lat w kraju i na rynkach zagranicznych. Prze\u0142o\u017cy\u0142o si\u0119 to na uznanie [&hellip;]<\/p>\n","protected":false},"author":1,"featured_media":0,"parent":0,"menu_order":0,"comment_status":"closed","ping_status":"closed","template":"","meta":{"footnotes":""},"class_list":["post-313","page","type-page","status-publish","hentry"],"_links":{"self":[{"href":"https:\/\/immersafe.pl\/sklep\/wp-json\/wp\/v2\/pages\/313","targetHints":{"allow":["GET"]}}],"collection":[{"href":"https:\/\/immersafe.pl\/sklep\/wp-json\/wp\/v2\/pages"}],"about":[{"href":"https:\/\/immersafe.pl\/sklep\/wp-json\/wp\/v2\/types\/page"}],"author":[{"embeddable":true,"href":"https:\/\/immersafe.pl\/sklep\/wp-json\/wp\/v2\/users\/1"}],"replies":[{"embeddable":true,"href":"https:\/\/immersafe.pl\/sklep\/wp-json\/wp\/v2\/comments?post=313"}],"version-history":[{"count":8,"href":"https:\/\/immersafe.pl\/sklep\/wp-json\/wp\/v2\/pages\/313\/revisions"}],"predecessor-version":[{"id":2042,"href":"https:\/\/immersafe.pl\/sklep\/wp-json\/wp\/v2\/pages\/313\/revisions\/2042"}],"wp:attachment":[{"href":"https:\/\/immersafe.pl\/sklep\/wp-json\/wp\/v2\/media?parent=313"}],"curies":[{"name":"wp","href":"https:\/\/api.w.org\/{rel}","templated":true}]}}