{"id":381,"date":"2019-01-29T04:48:43","date_gmt":"2019-01-29T04:48:43","guid":{"rendered":"http:\/\/demo.accesspressthemes.com\/zigcy-lite\/?page_id=2"},"modified":"2024-11-06T12:59:47","modified_gmt":"2024-11-06T12:59:47","slug":"intramag-2024","status":"publish","type":"page","link":"https:\/\/immersafe.pl\/sklep\/intramag-2024\/","title":{"rendered":"Immersafe Polska na Targach IntraMag 2024 w Kielcach!"},"content":{"rendered":"\t\t<div data-elementor-type=\"wp-page\" data-elementor-id=\"381\" class=\"elementor elementor-381\">\n\t\t\t\t<div class=\"elementor-element elementor-element-a10f128 e-flex e-con-boxed e-con e-parent\" data-id=\"a10f128\" data-element_type=\"container\" data-e-type=\"container\">\n\t\t\t\t\t<div class=\"e-con-inner\">\n\t\t<div class=\"elementor-element elementor-element-62d0d7d e-con-full e-flex e-con e-child\" data-id=\"62d0d7d\" data-element_type=\"container\" data-e-type=\"container\" data-settings=\"{&quot;background_background&quot;:&quot;classic&quot;}\">\n\t\t\t\t<\/div>\n\t\t<div class=\"elementor-element elementor-element-8cb56e9 e-con-full e-flex e-con e-child\" data-id=\"8cb56e9\" data-element_type=\"container\" data-e-type=\"container\">\n\t\t\t\t<div class=\"elementor-element elementor-element-3f5263f elementor-widget elementor-widget-text-editor\" data-id=\"3f5263f\" data-element_type=\"widget\" data-e-type=\"widget\" data-widget_type=\"text-editor.default\">\n\t\t\t\t<div class=\"elementor-widget-container\">\n\t\t\t\t\t\t\t\t\t<h3>Firma Immersafe Polska mia\u0142a przyjemno\u015b\u0107 uczestniczy\u0107 w tegorocznych Targach IntraMag, kt\u00f3re odby\u0142y si\u0119 w dniach 13-15 lutego 2024 roku w Kielcach. By\u0142o to wyj\u0105tkowe wydarzenie, kt\u00f3re zgromadzi\u0142o lider\u00f3w rynku magazynowania, logistyki i innowacji technologicznych, a tak\u017ce specjalist\u00f3w z ca\u0142ej Polski i Europy.<\/h3>\t\t\t\t\t\t\t\t<\/div>\n\t\t\t\t<\/div>\n\t\t\t\t<\/div>\n\t\t\t\t\t<\/div>\n\t\t\t\t<\/div>\n\t\t<div class=\"elementor-element elementor-element-0ad5707 e-flex e-con-boxed e-con e-parent\" data-id=\"0ad5707\" data-element_type=\"container\" data-e-type=\"container\">\n\t\t\t\t\t<div class=\"e-con-inner\">\n\t\t<div class=\"elementor-element elementor-element-41b6f0b e-con-full e-flex e-con e-child\" data-id=\"41b6f0b\" data-element_type=\"container\" data-e-type=\"container\">\n\t\t\t\t<div class=\"elementor-element elementor-element-1b66f1e elementor-widget elementor-widget-spacer\" data-id=\"1b66f1e\" data-element_type=\"widget\" data-e-type=\"widget\" data-widget_type=\"spacer.default\">\n\t\t\t\t<div class=\"elementor-widget-container\">\n\t\t\t\t\t\t\t<div class=\"elementor-spacer\">\n\t\t\t<div class=\"elementor-spacer-inner\"><\/div>\n\t\t<\/div>\n\t\t\t\t\t\t<\/div>\n\t\t\t\t<\/div>\n\t\t\t\t<div class=\"elementor-element elementor-element-06475cb elementor-widget elementor-widget-text-editor\" data-id=\"06475cb\" data-element_type=\"widget\" data-e-type=\"widget\" data-widget_type=\"text-editor.default\">\n\t\t\t\t<div class=\"elementor-widget-container\">\n\t\t\t\t\t\t\t\t\t<p><\/p>\n<p>Na targach mieli\u015bmy przyjemno\u015b\u0107 zaprezentowa\u0107 nasze najnowsze produkty i us\u0142ugi, wspieraj\u0105ce zabezpieczenia \u0142a\u0144cucha dostaw oraz przestrzeni magazynowej. W\u015br\u00f3d innowacji, kt\u00f3re wzbudzi\u0142y najwi\u0119ksze zainteresowanie, znalaz\u0142y si\u0119 zaawansowane systemy zabezpiecze\u0144 \u0142adunk\u00f3w oraz rozwi\u0105zania do monitorowania w czasie rzeczywistym.<\/p>\n<p><\/p>\t\t\t\t\t\t\t\t<\/div>\n\t\t\t\t<\/div>\n\t\t\t\t<\/div>\n\t\t<div class=\"elementor-element elementor-element-4d90fc0 e-con-full e-flex e-con e-child\" data-id=\"4d90fc0\" data-element_type=\"container\" data-e-type=\"container\" data-settings=\"{&quot;background_background&quot;:&quot;classic&quot;}\">\n\t\t\t\t<\/div>\n\t\t<div class=\"elementor-element elementor-element-a7644b5 e-con-full e-flex e-con e-child\" data-id=\"a7644b5\" data-element_type=\"container\" data-e-type=\"container\" data-settings=\"{&quot;background_background&quot;:&quot;classic&quot;}\">\n\t\t\t\t<\/div>\n\t\t<div class=\"elementor-element elementor-element-059a91d e-con-full e-flex e-con e-child\" data-id=\"059a91d\" data-element_type=\"container\" data-e-type=\"container\">\n\t\t\t\t<div class=\"elementor-element elementor-element-1091896 elementor-widget elementor-widget-text-editor\" data-id=\"1091896\" data-element_type=\"widget\" data-e-type=\"widget\" data-widget_type=\"text-editor.default\">\n\t\t\t\t<div class=\"elementor-widget-container\">\n\t\t\t\t\t\t\t\t\t\n<p>Nasze stoisko cieszy\u0142o si\u0119 du\u017cym zainteresowaniem, a eksperci <strong>Immersafe Polska<\/strong> ch\u0119tnie dzielili si\u0119 wiedz\u0105 i odpowiadali na pytania go\u015bci. Spotkania z naszymi obecnymi oraz potencjalnymi klientami by\u0142y dla nas inspiracj\u0105 do dalszego rozwoju i udoskonalania naszych rozwi\u0105za\u0144 w oparciu o potrzeby rynku.<\/p>\n\t\t\t\t\t\t\t\t<\/div>\n\t\t\t\t<\/div>\n\t\t\t\t<div class=\"elementor-element elementor-element-ad1d671 elementor-widget elementor-widget-spacer\" data-id=\"ad1d671\" data-element_type=\"widget\" data-e-type=\"widget\" data-widget_type=\"spacer.default\">\n\t\t\t\t<div class=\"elementor-widget-container\">\n\t\t\t\t\t\t\t<div class=\"elementor-spacer\">\n\t\t\t<div class=\"elementor-spacer-inner\"><\/div>\n\t\t<\/div>\n\t\t\t\t\t\t<\/div>\n\t\t\t\t<\/div>\n\t\t\t\t<\/div>\n\t\t\t\t\t<\/div>\n\t\t\t\t<\/div>\n\t\t<div class=\"elementor-element elementor-element-974c766 e-flex e-con-boxed e-con e-parent\" data-id=\"974c766\" data-element_type=\"container\" data-e-type=\"container\">\n\t\t\t\t\t<div class=\"e-con-inner\">\n\t\t\t\t<div class=\"elementor-element elementor-element-06261b1 elementor-widget elementor-widget-text-editor\" data-id=\"06261b1\" data-element_type=\"widget\" data-e-type=\"widget\" data-widget_type=\"text-editor.default\">\n\t\t\t\t<div class=\"elementor-widget-container\">\n\t\t\t\t\t\t\t\t\t\n<h3>Dzi\u0119kujemy za odwiedzenie naszego stoiska!<\/h3>\n<p>Dzi\u0119kujemy wszystkim, kt\u00f3rzy odwiedzili nasze stoisko i po\u015bwi\u0119cili czas na rozmow\u0119 z naszymi ekspertami. Wasze zainteresowanie i pozytywne opinie s\u0105 dla nas motywacj\u0105 do dalszego rozwijania naszych technologii oraz dopasowywania ich do potrzeb rynku.<\/p>\n<h3>Do zobaczenia na kolejnych targach!<\/h3>\n<p>Targi IntraMag by\u0142y dla nas niezwykle owocnym wydarzeniem i nie mo\u017cemy si\u0119 doczeka\u0107 kolejnych spotka\u0144. Je\u015bli nie mieli\u015bcie okazji nas odwiedzi\u0107, zapraszamy do kontaktu \u2013 ch\u0119tnie przedstawimy nasze rozwi\u0105zania i porozmawiamy o tym, jak mo\u017cemy wspiera\u0107 bezpiecze\u0144stwo i efektywno\u015b\u0107 w Waszej firmie.<\/p>\n<p><strong>Immersafe Polska \u2013 Wsp\u00f3lnie tworzymy bezpieczniejsze jutro!<\/strong><\/p>\n\t\t\t\t\t\t\t\t<\/div>\n\t\t\t\t<\/div>\n\t\t\t\t\t<\/div>\n\t\t\t\t<\/div>\n\t\t\t\t<\/div>\n\t\t","protected":false},"excerpt":{"rendered":"<p>Firma Immersafe Polska mia\u0142a przyjemno\u015b\u0107 uczestniczy\u0107 w tegorocznych Targach IntraMag, kt\u00f3re odby\u0142y si\u0119 w dniach 13-15 lutego 2024 roku w Kielcach. By\u0142o to wyj\u0105tkowe wydarzenie, kt\u00f3re zgromadzi\u0142o lider\u00f3w rynku magazynowania, logistyki i innowacji technologicznych, a tak\u017ce specjalist\u00f3w z ca\u0142ej Polski i Europy. Na targach mieli\u015bmy przyjemno\u015b\u0107 zaprezentowa\u0107 nasze najnowsze produkty i us\u0142ugi, wspieraj\u0105ce zabezpieczenia \u0142a\u0144cucha [&hellip;]<\/p>\n","protected":false},"author":1,"featured_media":0,"parent":0,"menu_order":0,"comment_status":"closed","ping_status":"closed","template":"","meta":{"footnotes":""},"class_list":["post-381","page","type-page","status-publish","hentry"],"_links":{"self":[{"href":"https:\/\/immersafe.pl\/sklep\/wp-json\/wp\/v2\/pages\/381","targetHints":{"allow":["GET"]}}],"collection":[{"href":"https:\/\/immersafe.pl\/sklep\/wp-json\/wp\/v2\/pages"}],"about":[{"href":"https:\/\/immersafe.pl\/sklep\/wp-json\/wp\/v2\/types\/page"}],"author":[{"embeddable":true,"href":"https:\/\/immersafe.pl\/sklep\/wp-json\/wp\/v2\/users\/1"}],"replies":[{"embeddable":true,"href":"https:\/\/immersafe.pl\/sklep\/wp-json\/wp\/v2\/comments?post=381"}],"version-history":[{"count":27,"href":"https:\/\/immersafe.pl\/sklep\/wp-json\/wp\/v2\/pages\/381\/revisions"}],"predecessor-version":[{"id":2027,"href":"https:\/\/immersafe.pl\/sklep\/wp-json\/wp\/v2\/pages\/381\/revisions\/2027"}],"wp:attachment":[{"href":"https:\/\/immersafe.pl\/sklep\/wp-json\/wp\/v2\/media?parent=381"}],"curies":[{"name":"wp","href":"https:\/\/api.w.org\/{rel}","templated":true}]}}