{"id":1124,"date":"2020-10-08T14:27:00","date_gmt":"2020-10-08T14:27:00","guid":{"rendered":"http:\/\/immersafe.sk\/shop\/?post_type=product&#038;p=1124"},"modified":"2025-07-30T10:08:20","modified_gmt":"2025-07-30T10:08:20","slug":"zaciagacz-do-plomb","status":"publish","type":"product","link":"https:\/\/immersafe.pl\/sklep\/zaciagacz-do-plomb","title":{"rendered":"Zaci\u0105gacz do plomb"},"content":{"rendered":"<p>\u0141atwe i proste w obs\u0142udze urz\u0105dzenie usprawniaj\u0105ce zaciskanie plomb na workach, sprawdza si\u0119 zw\u0142aszcza przy du\u017cej ilo\u015bci zamkni\u0119\u0107. Jest przystosowane do pask\u00f3w o szeroko\u015bci od 2,5 do 10 mm.<\/p>\n<p>Dodatkowo wyposa\u017cone w no\u017cyce do skracania nadmiaru ko\u0144c\u00f3wek pask\u00f3w po zaci\u0105gni\u0119ciu plomby. Ostre elementy s\u0105 zabezpieczone zgodnie z przepisami BHP.<\/p>\n","protected":false},"excerpt":{"rendered":"<p>Metalowe urz\u0105dzenie u\u0142atwiaj\u0105ce zaciskanie plomb.<\/p>\n","protected":false},"featured_media":1127,"template":"","meta":[],"product_brand":[],"product_cat":[103,121,33,38],"product_tag":[],"class_list":{"0":"post-1124","1":"product","2":"type-product","3":"status-publish","4":"has-post-thumbnail","6":"product_cat-plomby-zaciskowe","7":"product_cat-narzedzia","8":"product_cat-plomby-zabezpieczajace","9":"product_cat-zastosowania","11":"first","12":"instock","13":"taxable","14":"shipping-taxable","15":"purchasable","16":"product-type-variable","17":"has-default-attributes"},"tiered_pricing_type":"fixed","tiered_pricing_fixed_rules":[],"_links":{"self":[{"href":"https:\/\/immersafe.pl\/sklep\/wp-json\/wp\/v2\/product\/1124","targetHints":{"allow":["GET"]}}],"collection":[{"href":"https:\/\/immersafe.pl\/sklep\/wp-json\/wp\/v2\/product"}],"about":[{"href":"https:\/\/immersafe.pl\/sklep\/wp-json\/wp\/v2\/types\/product"}],"wp:featuredmedia":[{"embeddable":true,"href":"https:\/\/immersafe.pl\/sklep\/wp-json\/wp\/v2\/media\/1127"}],"wp:attachment":[{"href":"https:\/\/immersafe.pl\/sklep\/wp-json\/wp\/v2\/media?parent=1124"}],"wp:term":[{"taxonomy":"product_brand","embeddable":true,"href":"https:\/\/immersafe.pl\/sklep\/wp-json\/wp\/v2\/product_brand?post=1124"},{"taxonomy":"product_cat","embeddable":true,"href":"https:\/\/immersafe.pl\/sklep\/wp-json\/wp\/v2\/product_cat?post=1124"},{"taxonomy":"product_tag","embeddable":true,"href":"https:\/\/immersafe.pl\/sklep\/wp-json\/wp\/v2\/product_tag?post=1124"}],"curies":[{"name":"wp","href":"https:\/\/api.w.org\/{rel}","templated":true}]}}