{"id":1129,"date":"2020-10-08T14:37:03","date_gmt":"2020-10-08T14:37:03","guid":{"rendered":"http:\/\/immersafe.sk\/shop\/?post_type=product&#038;p=1129"},"modified":"2025-07-25T13:26:16","modified_gmt":"2025-07-25T13:26:16","slug":"double-lock","status":"publish","type":"product","link":"https:\/\/immersafe.pl\/sklep\/1000szt-plomba-zaciskowa-super-seal-300-19","title":{"rendered":"Double Lock"},"content":{"rendered":"<p>Plomba zaciskowa z metalow\u0105 komor\u0105 powleczon\u0105 tworzywem sztucznym, zapobiega tworzeniu iskier.<\/p>\n<p>Plomba odporna na manipulacje termiczne i mechaniczne. Pleciona linka przy przeci\u0119ciu rozplata si\u0119 i uniemo\u017cliwia ponowne zamkni\u0119cie plomby. Trwa\u0142a metoda znakowania zapewnia w\u0142a\u015bciw\u0105 identyfikacj\u0119 plomby. Zak\u0142adanie i zdejmowanie plomby przy u\u017cyciu narz\u0119dzi.<\/p>\n<p>Zalecana temperatura stosowania -35\u00b0C do +50\u00b0C<\/p>\n<p><strong>Plomba zaci\u0105gana r\u0119cznie, \u015bci\u0105gana narz\u0119dziami.<\/strong><\/p>\n<p>Zastosowanie<\/p>\n<ul>\n<li>drzwi kontener\u00f3w<\/li>\n<li>cysterny<\/li>\n<li>drzwi przyczep<\/li>\n<li>zawory<\/li>\n<\/ul>\n<p>Cechy produktu<br \/>\n&#8211; Podw\u00f3jny mechanizm blokuj\u0105cy, komora plombuj\u0105ca pokryta tworzywem sztucznym.<br \/>\n&#8211; Zaprojektowana z dwoma niezale\u017cnymi otworami blokuj\u0105cymi u\u0142o\u017conymi w przeciwnym kierunku.<br \/>\n&#8211; Metalowy mechanizm blokuj\u0105cy powleczony tworzywem \u2013 ABS, linka pleciona cynkowana.<br \/>\n&#8211; Linka podczas przeci\u0119cia odkr\u0119ca si\u0119 co wskazuje na \u015blady manipulacji.<br \/>\n&#8211; Prostok\u0105tna komora plombuj\u0105ca o wymiarach: 28 mm x 10 mm x 25 mm<br \/>\n&#8211; Linka plombuj\u0105ca o \u015brednicy 2,0 mm przy d\u0142ugo\u015bci kabla 40-50 cm<br \/>\n&#8211; Odporny na dzia\u0142anie ropy naftowej i promieni s\u0142onecznych<br \/>\n&#8211; \u015arednia wytrzyma\u0142o\u015b\u0107 na rozci\u0105ganie: 5,5 kN<br \/>\n&#8211; Zdejmowany przez no\u017cyce kabli.<\/p>\n<p>Opcje znakowania<br \/>\n&#8211; Nazwa klienta, kolejny numer (laser)<br \/>\n&#8211; Kod kreskowy (laser)<br \/>\n&#8211; Kolorystyka (\u017c\u00f3\u0142ty, bia\u0142y)<\/p>\n","protected":false},"excerpt":{"rendered":"<p>Plomba zaciskowa z metalow\u0105 komor\u0105<\/p>\n","protected":false},"featured_media":1558,"template":"","meta":[],"product_brand":[],"product_cat":[35,70,261,36,33,103,119],"product_tag":[],"class_list":{"0":"post-1129","1":"product","2":"type-product","3":"status-publish","4":"has-post-thumbnail","6":"product_cat-plomby-kablowe","7":"product_cat-plomby-metalowe","8":"product_cat-plomby-numerowane","9":"product_cat-plomby-transportowe","10":"product_cat-plomby-zabezpieczajace","11":"product_cat-plomby-zaciskowe","12":"product_cat-polecane-produkty","14":"first","15":"instock","16":"featured","17":"taxable","18":"shipping-taxable","19":"purchasable","20":"product-type-simple"},"tiered_pricing_type":"fixed","tiered_pricing_fixed_rules":{"100":"9.59","200":"9.42","500":"8.94","1000":"8.75"},"_links":{"self":[{"href":"https:\/\/immersafe.pl\/sklep\/wp-json\/wp\/v2\/product\/1129","targetHints":{"allow":["GET"]}}],"collection":[{"href":"https:\/\/immersafe.pl\/sklep\/wp-json\/wp\/v2\/product"}],"about":[{"href":"https:\/\/immersafe.pl\/sklep\/wp-json\/wp\/v2\/types\/product"}],"wp:featuredmedia":[{"embeddable":true,"href":"https:\/\/immersafe.pl\/sklep\/wp-json\/wp\/v2\/media\/1558"}],"wp:attachment":[{"href":"https:\/\/immersafe.pl\/sklep\/wp-json\/wp\/v2\/media?parent=1129"}],"wp:term":[{"taxonomy":"product_brand","embeddable":true,"href":"https:\/\/immersafe.pl\/sklep\/wp-json\/wp\/v2\/product_brand?post=1129"},{"taxonomy":"product_cat","embeddable":true,"href":"https:\/\/immersafe.pl\/sklep\/wp-json\/wp\/v2\/product_cat?post=1129"},{"taxonomy":"product_tag","embeddable":true,"href":"https:\/\/immersafe.pl\/sklep\/wp-json\/wp\/v2\/product_tag?post=1129"}],"curies":[{"name":"wp","href":"https:\/\/api.w.org\/{rel}","templated":true}]}}