{"id":1134,"date":"2020-10-08T14:40:03","date_gmt":"2020-10-08T14:40:03","guid":{"rendered":"http:\/\/immersafe.sk\/shop\/?post_type=product&#038;p=1134"},"modified":"2025-07-25T13:39:18","modified_gmt":"2025-07-25T13:39:18","slug":"plomba-o-stalej-dlugosci-dual-seal-290","status":"publish","type":"product","link":"https:\/\/immersafe.pl\/sklep\/1000szt-plomba-zaciskowa-super-seal-300-18","title":{"rendered":"Plomba o sta\u0142ej d\u0142ugo\u015bci DUAL SEAL 290"},"content":{"rendered":"<p>Plomba zabezpieczaj\u0105ca o sta\u0142ej d\u0142ugo\u015bci, wykonana z wysokiej jako\u015bci polipropylenu. Zatrzaskowy mechanizm plombuj\u0105cy wykonany z wytrzyma\u0142ego tworzywa technicznego sprawia, \u017ce plomba jest mocna i odporna na warunki pogodowe w zakresie temperatur od -40\u00b0C do +80\u00b0C. G\u0142adki i elastyczny pasek u\u0142atwia zamykanie. Wytrzyma\u0142o\u015b\u0107 na rozrywanie 20 kgf. Zamykanie i zrywanie bez u\u017cycia narz\u0119dzi. Os\u0142abienie paska u\u0142atwia zerwanie plomby i zapobiega manipulacji.<\/p>\n<p>ZNAKOWANIE: hot stamping, termo transfer lub grawer laserowy<\/p>\n<h5>ZASTOSOWANIE<\/h5>\n<ul>\n<li>naczepy ci\u0119\u017carowe<\/li>\n<li>wagony kolejowe<\/li>\n<li>magazyny<\/li>\n<li>drzwi ewakuacyjne<\/li>\n<\/ul>\n","protected":false},"excerpt":{"rendered":"<p>Plomba plastikowa stosowana w transporcie i logistyce<\/p>\n","protected":false},"featured_media":1345,"template":"","meta":[],"product_brand":[],"product_cat":[77,261,33,69],"product_tag":[],"class_list":{"0":"post-1134","1":"product","2":"type-product","3":"status-publish","4":"has-post-thumbnail","6":"product_cat-plomby-o-stalej-dlugosci","7":"product_cat-plomby-numerowane","8":"product_cat-plomby-zabezpieczajace","9":"product_cat-plomby-plastikowe","11":"first","12":"instock","13":"taxable","14":"shipping-taxable","15":"purchasable","16":"product-type-simple"},"tiered_pricing_type":"fixed","tiered_pricing_fixed_rules":{"50":"1.92","250":"0.90","500":"0.66","1000":"0.47"},"_links":{"self":[{"href":"https:\/\/immersafe.pl\/sklep\/wp-json\/wp\/v2\/product\/1134","targetHints":{"allow":["GET"]}}],"collection":[{"href":"https:\/\/immersafe.pl\/sklep\/wp-json\/wp\/v2\/product"}],"about":[{"href":"https:\/\/immersafe.pl\/sklep\/wp-json\/wp\/v2\/types\/product"}],"wp:featuredmedia":[{"embeddable":true,"href":"https:\/\/immersafe.pl\/sklep\/wp-json\/wp\/v2\/media\/1345"}],"wp:attachment":[{"href":"https:\/\/immersafe.pl\/sklep\/wp-json\/wp\/v2\/media?parent=1134"}],"wp:term":[{"taxonomy":"product_brand","embeddable":true,"href":"https:\/\/immersafe.pl\/sklep\/wp-json\/wp\/v2\/product_brand?post=1134"},{"taxonomy":"product_cat","embeddable":true,"href":"https:\/\/immersafe.pl\/sklep\/wp-json\/wp\/v2\/product_cat?post=1134"},{"taxonomy":"product_tag","embeddable":true,"href":"https:\/\/immersafe.pl\/sklep\/wp-json\/wp\/v2\/product_tag?post=1134"}],"curies":[{"name":"wp","href":"https:\/\/api.w.org\/{rel}","templated":true}]}}