{"id":1359,"date":"2020-12-30T13:22:12","date_gmt":"2020-12-30T13:22:12","guid":{"rendered":"http:\/\/immersafe.sk\/shop\/?post_type=product&#038;p=1359"},"modified":"2025-07-25T11:31:02","modified_gmt":"2025-07-25T11:31:02","slug":"duza-etykieta-plombujaca-150x30-mm-niebieska","status":"publish","type":"product","link":"https:\/\/immersafe.pl\/sklep\/1000szt-plomba-zaciskowa-super-seal-300-15","title":{"rendered":"Etykieta plombuj\u0105ca 150&#215;30 mm (zostawia \u015blady na pod\u0142o\u017cu) &#8211; niebieska"},"content":{"rendered":"<p>Etykiety plombuj\u0105ce s\u0105 wykonane z poliestru i specjalnego kleju, kt\u00f3ry uaktywnia si\u0119 podczas zrywania i ujawnia wcze\u015bniej niewidoczne napisy ostrzegawcze (np. FRAUD, VOID, OPEN, STOP)<\/p>\n<p>W celu podniesienia poziomu bezpiecze\u0144stwa proponujemy nanie\u015b\u0107 na etykiet\u0119 kod kreskowy i numeracj\u0119. Numeracja to kolejny ci\u0105g znak\u00f3w, dzi\u0119ki czemu ka\u017cda plomba jest unikatowa. Osobne zakresy numeracji przydzielone do ka\u017cdego klienta s\u0105 przechowywane w systemie, co pozwala na sprawn\u0105 weryfikacj\u0119 poprawno\u015bci zabezpiecze\u0144.<\/p>\n<h5>Klej w tym wariancie pozostawia \u015blady na zaklejonej powierzchni i napis jest widoczny zar\u00f3wno na zerwanej plombie jak i na plombowanym miejscu. Te etykiety s\u0105 stosowane na elementach kt\u00f3re nie zawsze s\u0105 plombowane, a chcemy mie\u0107 pewno\u015b\u0107, \u017ce akurat ten element by\u0142 wcze\u015bniej zabezpieczony, np.:<\/h5>\n<ul>\n<li>paczki<\/li>\n<li>palety<\/li>\n<li>aparatura pomiarowa<\/li>\n<li>zabezpieczanie dowod\u00f3w w kryminalistyce<\/li>\n<li>koperty z dokumentami<\/li>\n<li>no\u015bnikami informacji<\/li>\n<li>leki<\/li>\n<li>alkohole<\/li>\n<\/ul>\n","protected":false},"excerpt":{"rendered":"<p>Zostawia \u015blady na powierzchni<\/p>\n","protected":false},"featured_media":1366,"template":"","meta":[],"product_brand":[],"product_cat":[20,261,33],"product_tag":[],"class_list":{"0":"post-1359","1":"product","2":"type-product","3":"status-publish","4":"has-post-thumbnail","6":"product_cat-etykiety-i-tasmy-void","7":"product_cat-plomby-numerowane","8":"product_cat-plomby-zabezpieczajace","10":"first","11":"instock","12":"taxable","13":"shipping-taxable","14":"purchasable","15":"product-type-simple"},"tiered_pricing_type":"fixed","tiered_pricing_fixed_rules":{"50":"3.00","250":"2.28","500":"1.98","1000":"1.62"},"_links":{"self":[{"href":"https:\/\/immersafe.pl\/sklep\/wp-json\/wp\/v2\/product\/1359","targetHints":{"allow":["GET"]}}],"collection":[{"href":"https:\/\/immersafe.pl\/sklep\/wp-json\/wp\/v2\/product"}],"about":[{"href":"https:\/\/immersafe.pl\/sklep\/wp-json\/wp\/v2\/types\/product"}],"wp:featuredmedia":[{"embeddable":true,"href":"https:\/\/immersafe.pl\/sklep\/wp-json\/wp\/v2\/media\/1366"}],"wp:attachment":[{"href":"https:\/\/immersafe.pl\/sklep\/wp-json\/wp\/v2\/media?parent=1359"}],"wp:term":[{"taxonomy":"product_brand","embeddable":true,"href":"https:\/\/immersafe.pl\/sklep\/wp-json\/wp\/v2\/product_brand?post=1359"},{"taxonomy":"product_cat","embeddable":true,"href":"https:\/\/immersafe.pl\/sklep\/wp-json\/wp\/v2\/product_cat?post=1359"},{"taxonomy":"product_tag","embeddable":true,"href":"https:\/\/immersafe.pl\/sklep\/wp-json\/wp\/v2\/product_tag?post=1359"}],"curies":[{"name":"wp","href":"https:\/\/api.w.org\/{rel}","templated":true}]}}