{"id":152,"date":"2020-07-30T12:19:02","date_gmt":"2020-07-30T12:19:02","guid":{"rendered":"http:\/\/dshop.ehades.eu\/product\/import-placeholder-for-45\/"},"modified":"2025-07-25T13:42:04","modified_gmt":"2025-07-25T13:42:04","slug":"plomba-zaciskowa-immer-lock-320","status":"publish","type":"product","link":"https:\/\/immersafe.pl\/sklep\/produkt\/plomby-zabezpieczajace\/plomby-plastikowe\/plomba-zaciskowa-immer-lock-320\/","title":{"rendered":"Plomba zaciskowa IMMER LOCK 320"},"content":{"rendered":"<p>Plomba plastikowa z metalow\u0105 komor\u0105 plombuj\u0105c\u0105 Immer Lock to wysokiej jako\u015bci uniwersalna plomba. Na fladze mo\u017cna nanie\u015b\u0107 numeracj\u0119, kod kreskowy i logo, a dodatkowe bia\u0142e pole przeznaczone jest do r\u0119cznych zapis\u00f3w d\u0142ugopisem. Konstrukcja plomby pozwala na szybkie plombowanie, kt\u00f3re polega na przeci\u0105gni\u0119ciu linki przez komor\u0119 i zaci\u015bni\u0119ciu jej do oczekiwanej d\u0142ugo\u015bci.<\/p>\n<p>Zawsze zalecamy personalizacj\u0119 plomb, \u017ceby zmniejszy\u0107 ryzyko podmiany plomby i tym samym zwi\u0119kszy\u0107 jej poziom bezpiecze\u0144stwa.<\/p>\n<p><em>Plomba zaci\u0105gana r\u0119cznie.<\/em><\/p>\n<p><strong>Zastosowanie<\/strong><\/p>\n<ul>\n<li>szafy zabezpieczaj\u0105ce<\/li>\n<li>pomieszczenia s\u0142u\u017cbowe<\/li>\n<li>wyj\u015bcia ewakuacyjne<\/li>\n<li>transport drogowy<\/li>\n<li>sejfy<\/li>\n<li>kasety atm<\/li>\n<\/ul>\n","protected":false},"excerpt":{"rendered":"<p>Posiada stalow\u0105 komor\u0119 i bia\u0142e pole na fladze do r\u0119cznych zapis\u00f3w.<\/p>\n","protected":false},"featured_media":1353,"template":"","meta":[],"product_brand":[],"product_cat":[69,261,33,103],"product_tag":[],"class_list":{"0":"post-152","1":"product","2":"type-product","3":"status-publish","4":"has-post-thumbnail","6":"product_cat-plomby-plastikowe","7":"product_cat-plomby-numerowane","8":"product_cat-plomby-zabezpieczajace","9":"product_cat-plomby-zaciskowe","11":"first","12":"instock","13":"taxable","14":"shipping-taxable","15":"purchasable","16":"product-type-simple"},"tiered_pricing_type":"fixed","tiered_pricing_fixed_rules":{"50":"2.39","250":"1.08","500":"0.96","1000":"0.72"},"_links":{"self":[{"href":"https:\/\/immersafe.pl\/sklep\/wp-json\/wp\/v2\/product\/152","targetHints":{"allow":["GET"]}}],"collection":[{"href":"https:\/\/immersafe.pl\/sklep\/wp-json\/wp\/v2\/product"}],"about":[{"href":"https:\/\/immersafe.pl\/sklep\/wp-json\/wp\/v2\/types\/product"}],"wp:featuredmedia":[{"embeddable":true,"href":"https:\/\/immersafe.pl\/sklep\/wp-json\/wp\/v2\/media\/1353"}],"wp:attachment":[{"href":"https:\/\/immersafe.pl\/sklep\/wp-json\/wp\/v2\/media?parent=152"}],"wp:term":[{"taxonomy":"product_brand","embeddable":true,"href":"https:\/\/immersafe.pl\/sklep\/wp-json\/wp\/v2\/product_brand?post=152"},{"taxonomy":"product_cat","embeddable":true,"href":"https:\/\/immersafe.pl\/sklep\/wp-json\/wp\/v2\/product_cat?post=152"},{"taxonomy":"product_tag","embeddable":true,"href":"https:\/\/immersafe.pl\/sklep\/wp-json\/wp\/v2\/product_tag?post=152"}],"curies":[{"name":"wp","href":"https:\/\/api.w.org\/{rel}","templated":true}]}}