{"id":1527,"date":"2021-01-27T16:31:54","date_gmt":"2021-01-27T16:31:54","guid":{"rendered":"http:\/\/immersafe.sk\/shop\/?post_type=product&#038;p=1527"},"modified":"2024-10-17T11:43:34","modified_gmt":"2024-10-17T11:43:34","slug":"woreczki-strunowe-160x160-mm","status":"publish","type":"product","link":"https:\/\/immersafe.pl\/sklep\/produkt\/koperty-i-woreczki\/woreczki-strunowe\/woreczki-strunowe-160x160-mm\/","title":{"rendered":"Woreczki strunowe 160&#215;160 mm"},"content":{"rendered":"<p>Woreczki strunowe to szybki, \u0142atwy i tani spos\u00f3b na ochron\u0119 warto\u015bciowych przedmiot\u00f3w. Najlepszej jako\u015bci woreczki strunowe stanowi\u0105 niezast\u0105pion\u0105 ochron\u0119 przed uszkodzeniami mechanicznymi, wilgoci\u0105 i brudem. Wygodne zamykanie i otwieranie zapewnia strunowe zapi\u0119cie, kt\u00f3re jest szczelne i wytrzyma\u0142e.<\/p>\n<h5>Przeznaczone do kontaktu z \u017cywno\u015bci\u0105.<\/h5>\n<h5>Rozmiar 160&#215;160<\/h5>\n<p>Ka\u017cda bran\u017ca, u\u017cywa woreczk\u00f3w dlatego mo\u017cna je dopasowa\u0107 wed\u0142ug w\u0142asnych potrzeb.<\/p>\n","protected":false},"excerpt":{"rendered":"<p>Wygodne segregowanie i przechowywanie w plastikowych woreczkach z zamkiem strunowym<\/p>\n","protected":false},"featured_media":1482,"template":"","meta":[],"product_brand":[],"product_cat":[38,120],"product_tag":[],"class_list":{"0":"post-1527","1":"product","2":"type-product","3":"status-publish","4":"has-post-thumbnail","6":"product_cat-zastosowania","7":"product_cat-woreczki-strunowe","9":"first","10":"instock","11":"taxable","12":"shipping-taxable","13":"purchasable","14":"product-type-simple"},"tiered_pricing_type":"fixed","tiered_pricing_fixed_rules":{"1000":"0.11","2000":"0.10","5000":"0.08"},"_links":{"self":[{"href":"https:\/\/immersafe.pl\/sklep\/wp-json\/wp\/v2\/product\/1527","targetHints":{"allow":["GET"]}}],"collection":[{"href":"https:\/\/immersafe.pl\/sklep\/wp-json\/wp\/v2\/product"}],"about":[{"href":"https:\/\/immersafe.pl\/sklep\/wp-json\/wp\/v2\/types\/product"}],"wp:featuredmedia":[{"embeddable":true,"href":"https:\/\/immersafe.pl\/sklep\/wp-json\/wp\/v2\/media\/1482"}],"wp:attachment":[{"href":"https:\/\/immersafe.pl\/sklep\/wp-json\/wp\/v2\/media?parent=1527"}],"wp:term":[{"taxonomy":"product_brand","embeddable":true,"href":"https:\/\/immersafe.pl\/sklep\/wp-json\/wp\/v2\/product_brand?post=1527"},{"taxonomy":"product_cat","embeddable":true,"href":"https:\/\/immersafe.pl\/sklep\/wp-json\/wp\/v2\/product_cat?post=1527"},{"taxonomy":"product_tag","embeddable":true,"href":"https:\/\/immersafe.pl\/sklep\/wp-json\/wp\/v2\/product_tag?post=1527"}],"curies":[{"name":"wp","href":"https:\/\/api.w.org\/{rel}","templated":true}]}}