{"id":153,"date":"2020-07-30T12:19:02","date_gmt":"2020-07-30T12:19:02","guid":{"rendered":"http:\/\/dshop.ehades.eu\/product\/import-placeholder-for-46\/"},"modified":"2025-07-25T13:43:36","modified_gmt":"2025-07-25T13:43:36","slug":"plomba-zaciskowa-super-seal","status":"publish","type":"product","link":"https:\/\/immersafe.pl\/sklep\/produkt\/plomby-zabezpieczajace\/plomby-zaciskowe\/plomba-zaciskowa-super-seal\/","title":{"rendered":"Plomba zaciskowa Super Seal 300"},"content":{"rendered":"<h2>Super Seal to wytrzyma\u0142a i uniwersalna plomba zaciskowa z metalow\u0105 komor\u0105 plombuj\u0105c\u0105 i flag\u0105. Na fladze plomby mo\u017cna nanie\u015b\u0107 numeracj\u0119, logo i kod kreskowy. Plomba Super Seal jest odporna na przypadkowe zerwanie i mo\u017cna ni\u0105 zabezpieczy\u0107 wiele proces\u00f3w.<\/h2>\n<p>Zawsze zalecamy personalizacj\u0119 plomb, \u017ceby zmniejszy\u0107 ryzyko podmiany plomby i tym samym zwi\u0119kszy\u0107 jej poziom bezpiecze\u0144stwa.<\/p>\n<p><strong>Plomba zaci\u0105gana r\u0119cznie.<\/strong><\/p>\n<p>Zastosowanie<br \/>\n\u2022 szafy zabezpieczaj\u0105ce<br \/>\n\u2022 pomieszczenia s\u0142u\u017cbowe<br \/>\n\u2022 wyj\u015bcia ewakuacyjne<br \/>\n\u2022 transport drogowy<br \/>\n\u2022 sejfy<br \/>\n\u2022 kasety atm<\/p>\n","protected":false},"excerpt":{"rendered":"<p>Uniwersalna plomba z metalow\u0105 komor\u0105<\/p>\n","protected":false},"featured_media":1875,"template":"","meta":[],"product_brand":[],"product_cat":[103,261,69,33],"product_tag":[],"class_list":{"0":"post-153","1":"product","2":"type-product","3":"status-publish","4":"has-post-thumbnail","6":"product_cat-plomby-zaciskowe","7":"product_cat-plomby-numerowane","8":"product_cat-plomby-plastikowe","9":"product_cat-plomby-zabezpieczajace","11":"first","12":"instock","13":"taxable","14":"shipping-taxable","15":"purchasable","16":"product-type-simple"},"tiered_pricing_type":"fixed","tiered_pricing_fixed_rules":{"50":"1.80","250":"1.2","500":"0.84"},"_links":{"self":[{"href":"https:\/\/immersafe.pl\/sklep\/wp-json\/wp\/v2\/product\/153","targetHints":{"allow":["GET"]}}],"collection":[{"href":"https:\/\/immersafe.pl\/sklep\/wp-json\/wp\/v2\/product"}],"about":[{"href":"https:\/\/immersafe.pl\/sklep\/wp-json\/wp\/v2\/types\/product"}],"wp:featuredmedia":[{"embeddable":true,"href":"https:\/\/immersafe.pl\/sklep\/wp-json\/wp\/v2\/media\/1875"}],"wp:attachment":[{"href":"https:\/\/immersafe.pl\/sklep\/wp-json\/wp\/v2\/media?parent=153"}],"wp:term":[{"taxonomy":"product_brand","embeddable":true,"href":"https:\/\/immersafe.pl\/sklep\/wp-json\/wp\/v2\/product_brand?post=153"},{"taxonomy":"product_cat","embeddable":true,"href":"https:\/\/immersafe.pl\/sklep\/wp-json\/wp\/v2\/product_cat?post=153"},{"taxonomy":"product_tag","embeddable":true,"href":"https:\/\/immersafe.pl\/sklep\/wp-json\/wp\/v2\/product_tag?post=153"}],"curies":[{"name":"wp","href":"https:\/\/api.w.org\/{rel}","templated":true}]}}