{"id":155,"date":"2020-07-30T12:19:02","date_gmt":"2020-07-30T12:19:02","guid":{"rendered":"http:\/\/dshop.ehades.eu\/product\/import-placeholder-for-48\/"},"modified":"2025-07-25T13:38:49","modified_gmt":"2025-07-25T13:38:49","slug":"plomba-do-saszetek-safe-seal","status":"publish","type":"product","link":"https:\/\/immersafe.pl\/sklep\/produkt\/plomby-zabezpieczajace\/plomby-o-stalej-dlugosci\/plomba-do-saszetek-safe-seal\/","title":{"rendered":"Plomba do saszetek SAFE SEAL"},"content":{"rendered":"<p>Safe Seal to plastikowa plomba jednorazowego u\u017cytku stosowana do zabezpieczania portfeli depozytowych. Plombowanie polega na wsuni\u0119ciu plomby do plastikowej komory portfela gdzie zostaje zatrza\u015bni\u0119ta dzi\u0119ki dw\u00f3m harpunom. Zdejmowanie plomby wi\u0105\u017ce si\u0119 z konieczno\u015bci\u0105 wy\u0142amania jej z komory, dlatego nie ma mo\u017cliwo\u015bci ponownego za\u0142o\u017cenia tej samej plomby.<\/p>\n<p>Na d\u0142u\u017cszym korpusie plomby mo\u017cna nanie\u015b\u0107 indywidualn\u0105 numeracj\u0119, logo i kod kreskowy.<\/p>\n<h5>Zastosowanie<\/h5>\n<ul>\n<li>portfele depozytowe<\/li>\n<li>saszetki na klucze<\/li>\n<\/ul>\n","protected":false},"excerpt":{"rendered":"<p>Plomba do portfeli depozytowych<\/p>\n","protected":false},"featured_media":1225,"template":"","meta":[],"product_brand":[],"product_cat":[77,261,69,33,72],"product_tag":[],"class_list":{"0":"post-155","1":"product","2":"type-product","3":"status-publish","4":"has-post-thumbnail","6":"product_cat-plomby-o-stalej-dlugosci","7":"product_cat-plomby-numerowane","8":"product_cat-plomby-plastikowe","9":"product_cat-plomby-zabezpieczajace","10":"product_cat-saszetki-na-klucze","12":"first","13":"instock","14":"taxable","15":"shipping-taxable","16":"purchasable","17":"product-type-simple"},"tiered_pricing_type":"fixed","tiered_pricing_fixed_rules":{"250":"1.08","500":"0.60","1000":"0.42"},"_links":{"self":[{"href":"https:\/\/immersafe.pl\/sklep\/wp-json\/wp\/v2\/product\/155","targetHints":{"allow":["GET"]}}],"collection":[{"href":"https:\/\/immersafe.pl\/sklep\/wp-json\/wp\/v2\/product"}],"about":[{"href":"https:\/\/immersafe.pl\/sklep\/wp-json\/wp\/v2\/types\/product"}],"wp:featuredmedia":[{"embeddable":true,"href":"https:\/\/immersafe.pl\/sklep\/wp-json\/wp\/v2\/media\/1225"}],"wp:attachment":[{"href":"https:\/\/immersafe.pl\/sklep\/wp-json\/wp\/v2\/media?parent=155"}],"wp:term":[{"taxonomy":"product_brand","embeddable":true,"href":"https:\/\/immersafe.pl\/sklep\/wp-json\/wp\/v2\/product_brand?post=155"},{"taxonomy":"product_cat","embeddable":true,"href":"https:\/\/immersafe.pl\/sklep\/wp-json\/wp\/v2\/product_cat?post=155"},{"taxonomy":"product_tag","embeddable":true,"href":"https:\/\/immersafe.pl\/sklep\/wp-json\/wp\/v2\/product_tag?post=155"}],"curies":[{"name":"wp","href":"https:\/\/api.w.org\/{rel}","templated":true}]}}