{"id":157,"date":"2020-07-30T12:19:02","date_gmt":"2020-07-30T12:19:02","guid":{"rendered":"http:\/\/dshop.ehades.eu\/product\/import-placeholder-for-60\/"},"modified":"2025-07-28T15:36:29","modified_gmt":"2025-07-28T15:36:29","slug":"plomba-o-stalej-dlugosci-truck-lock","status":"publish","type":"product","link":"https:\/\/immersafe.pl\/sklep\/produkt\/plomby-zabezpieczajace\/plomby-o-stalej-dlugosci\/plomba-o-stalej-dlugosci-truck-lock\/","title":{"rendered":"Plomba o sta\u0142ej d\u0142ugo\u015bci TRUCK LOCK"},"content":{"rendered":"<p>Plastikowa plomba o sta\u0142ej d\u0142ugo\u015bci z mo\u017cliwo\u015bci\u0105 zamkni\u0119cia tylko od jednej stron, posiada zakryty mechanizm zatrzaskowy dzi\u0119ki czemu po zamkni\u0119ciu plomby nie ma mo\u017cliwo\u015bci dost\u0119pu do komory plombuj\u0105cej. Specjalne os\u0142abienie paska u\u0142atwia zerwanie plomby i mo\u017cliwo\u015b\u0107 \u015bci\u0105gni\u0119cia bez u\u017cycia narz\u0119dzi.<\/p>\n<p>Na plomb\u0119 jest nanoszona trwa\u0142a numeracja seryjna sk\u0142adaj\u0105ca si\u0119 z 8 cyfr \u2013 grawer laserowy. Dodatkowo nadruk kodu kreskowego, nazwy lub logo klienta.<\/p>\n<h5>ZASTOSOWANIE<\/h5>\n<ul>\n<li>samochody ci\u0119\u017carowe<\/li>\n<li>kosze i skrzynie transportowe<\/li>\n<\/ul>\n","protected":false},"excerpt":{"rendered":"<p>Plastikowa plomba stosowana w transporcie i logistyce<\/p>\n","protected":false},"featured_media":487,"template":"","meta":[],"product_brand":[],"product_cat":[77,261,69,33,119],"product_tag":[],"class_list":{"0":"post-157","1":"product","2":"type-product","3":"status-publish","4":"has-post-thumbnail","6":"product_cat-plomby-o-stalej-dlugosci","7":"product_cat-plomby-numerowane","8":"product_cat-plomby-plastikowe","9":"product_cat-plomby-zabezpieczajace","10":"product_cat-polecane-produkty","12":"first","13":"instock","14":"featured","15":"taxable","16":"shipping-taxable","17":"purchasable","18":"product-type-simple"},"tiered_pricing_type":"fixed","tiered_pricing_fixed_rules":{"50":"1.8","250":"0.84","500":"0.6"},"_links":{"self":[{"href":"https:\/\/immersafe.pl\/sklep\/wp-json\/wp\/v2\/product\/157","targetHints":{"allow":["GET"]}}],"collection":[{"href":"https:\/\/immersafe.pl\/sklep\/wp-json\/wp\/v2\/product"}],"about":[{"href":"https:\/\/immersafe.pl\/sklep\/wp-json\/wp\/v2\/types\/product"}],"wp:featuredmedia":[{"embeddable":true,"href":"https:\/\/immersafe.pl\/sklep\/wp-json\/wp\/v2\/media\/487"}],"wp:attachment":[{"href":"https:\/\/immersafe.pl\/sklep\/wp-json\/wp\/v2\/media?parent=157"}],"wp:term":[{"taxonomy":"product_brand","embeddable":true,"href":"https:\/\/immersafe.pl\/sklep\/wp-json\/wp\/v2\/product_brand?post=157"},{"taxonomy":"product_cat","embeddable":true,"href":"https:\/\/immersafe.pl\/sklep\/wp-json\/wp\/v2\/product_cat?post=157"},{"taxonomy":"product_tag","embeddable":true,"href":"https:\/\/immersafe.pl\/sklep\/wp-json\/wp\/v2\/product_tag?post=157"}],"curies":[{"name":"wp","href":"https:\/\/api.w.org\/{rel}","templated":true}]}}