{"id":1595,"date":"2021-12-03T13:49:47","date_gmt":"2021-12-03T13:49:47","guid":{"rendered":"http:\/\/immersafe.pl\/shop\/?post_type=product&#038;p=1595"},"modified":"2026-02-24T11:54:40","modified_gmt":"2026-02-24T11:54:40","slug":"koperta-na-proby-paszowe","status":"publish","type":"product","link":"https:\/\/immersafe.pl\/sklep\/produkt\/koperty-i-woreczki\/koperty-bezpieczne\/koperta-na-proby-paszowe","title":{"rendered":"AgrarBAG &#8211; Koperta na pr\u00f3by paszowe B5 &#8211; transparentna"},"content":{"rendered":"<p><strong>Koperta na pr\u00f3by paszowe B5 Agrar posiada dedykowane pola do opisu pr\u00f3bek.<\/strong><\/p>\n<p>Koperty depozytowe s\u0105 wyposa\u017cone w specjaln\u0105 ta\u015bm\u0119 samolakuj\u0105c\u0105, kt\u00f3ra uniemo\u017cliwia otwarcie koperty bez pozostawienia \u015blad\u00f3w. Sama ta\u015bma gwarantuje najwy\u017cszy poziom bezpiecze\u0144stwa \u2013 s\u0105 w niej zastosowane a\u017c 4 indykatory, kt\u00f3re ujawniaj\u0105 pr\u00f3by manipulacji przy zastosowaniu technik mechanicznych, chemicznych, wysokich i niskich temperatur.<\/p>\n<p>Koperty bezpieczne s\u0105 wykonane z mocnej, tr\u00f3jwarstwowej, zgrzewanej folii odpornej na rozrywanie i przypadkowe uszkodzenia w transporcie. Zastosowany mikrodruk stanowi zabezpieczenie bocznych kraw\u0119dzi koperty, dzi\u0119ki niemu rozci\u0119cie brzegu i ponowne zgrzanie jest od razu widoczne. Dodatkowe odcinki kwituj\u0105ce stanowi\u0105 dokument przekazania koperty.<\/p>\n<p>Stosujemy tylko unikalna numeracj\u0119 kopert.<\/p>\n<h5>Zastosowanie<\/h5>\n<ul>\n<li>przechowywanie pr\u00f3b paszowych<\/li>\n<li>przechowywanie pr\u00f3bek ziarna<\/li>\n<\/ul>\n","protected":false},"excerpt":{"rendered":"<p><strong>195&#215;260 mm<\/strong><br \/>\n<strong>+ odcinki kwituj\u0105ce<\/strong><\/p>\n<p>Trwa\u0142a i bezpieczna koperta przeznaczona do transportu i przechowywania pr\u00f3b paszowych. Zgrzewane zamkni\u0119cie i numeracja zabezpieczaj\u0105 przed manipulacj\u0105. Odporna na uszkodzenia, zgodna z procedurami kontrolnymi \u2013 idealna dla laboratori\u00f3w, inspekcji i s\u0142u\u017cb weterynaryjnych.<\/p>\n","protected":false},"featured_media":1214,"template":"","meta":[],"product_brand":[],"product_cat":[23,119],"product_tag":[],"class_list":{"0":"post-1595","1":"product","2":"type-product","3":"status-publish","4":"has-post-thumbnail","6":"product_cat-koperty-bezpieczne","7":"product_cat-polecane-produkty","9":"first","10":"instock","11":"taxable","12":"shipping-taxable","13":"purchasable","14":"product-type-simple"},"tiered_pricing_type":"fixed","tiered_pricing_fixed_rules":{"50":"3.48","250":"2.28","500":"1.80","1000":"1.2"},"_links":{"self":[{"href":"https:\/\/immersafe.pl\/sklep\/wp-json\/wp\/v2\/product\/1595","targetHints":{"allow":["GET"]}}],"collection":[{"href":"https:\/\/immersafe.pl\/sklep\/wp-json\/wp\/v2\/product"}],"about":[{"href":"https:\/\/immersafe.pl\/sklep\/wp-json\/wp\/v2\/types\/product"}],"wp:featuredmedia":[{"embeddable":true,"href":"https:\/\/immersafe.pl\/sklep\/wp-json\/wp\/v2\/media\/1214"}],"wp:attachment":[{"href":"https:\/\/immersafe.pl\/sklep\/wp-json\/wp\/v2\/media?parent=1595"}],"wp:term":[{"taxonomy":"product_brand","embeddable":true,"href":"https:\/\/immersafe.pl\/sklep\/wp-json\/wp\/v2\/product_brand?post=1595"},{"taxonomy":"product_cat","embeddable":true,"href":"https:\/\/immersafe.pl\/sklep\/wp-json\/wp\/v2\/product_cat?post=1595"},{"taxonomy":"product_tag","embeddable":true,"href":"https:\/\/immersafe.pl\/sklep\/wp-json\/wp\/v2\/product_tag?post=1595"}],"curies":[{"name":"wp","href":"https:\/\/api.w.org\/{rel}","templated":true}]}}