{"id":161,"date":"2020-07-30T12:19:03","date_gmt":"2020-07-30T12:19:03","guid":{"rendered":"http:\/\/dshop.ehades.eu\/product\/import-placeholder-for-68\/"},"modified":"2025-07-25T13:44:06","modified_gmt":"2025-07-25T13:44:06","slug":"plomba-zaciskowa-way-lock-360","status":"publish","type":"product","link":"https:\/\/immersafe.pl\/sklep\/produkt\/plomby-zabezpieczajace\/plomby-zaciskowe\/plomba-zaciskowa-way-lock-360\/","title":{"rendered":"Way Lock 360"},"content":{"rendered":"<p>Plomba plastikowa z metalowym mechanizmem zaciskaj\u0105cym do zabezpieczania work\u00f3w. D\u0142ugo\u015b\u0107 plomby pozwala zabezpiecza\u0107 worki lniane, z tworzyw sztucznych lub innych materia\u0142\u00f3w. Plomba zabezpieczaj\u0105ca Way Lock posiada specjalne kolce, kt\u00f3re zabezpieczaj\u0105 plomb\u0119 przed zsuni\u0119ciem. Du\u017ca flaga pozwala na naniesienie du\u017cego, wyra\u017anego i czytelnego nadruku numeracji, logotypu czy kodu kreskowego.<\/p>\n<p>Zawsze zalecamy personalizacj\u0119 plomb, \u017ceby zmniejszy\u0107 ryzyko podmiany plomby i tym samym zwi\u0119kszy\u0107 jej poziom bezpiecze\u0144stwa.<\/p>\n<p><em>Plomba zaci\u0105gana r\u0119cznie.<\/em><\/p>\n<p><strong>Zastosowanie<\/strong>:<\/p>\n<ul>\n<li>transport<\/li>\n<li>magazyny<\/li>\n<li>pojemniki magazynowe<\/li>\n<li>szafy zabezpieczaj\u0105ce<\/li>\n<li>pomieszczenia s\u0142u\u017cbowe<\/li>\n<li>wyj\u015bcia ewakuacyjne<\/li>\n<li>worki do pieni\u0119dzy<\/li>\n<li>worki na dokumenty<\/li>\n<\/ul>\n","protected":false},"excerpt":{"rendered":"<p>Plastikowa plomba do work\u00f3w<\/p>\n","protected":false},"featured_media":539,"template":"","meta":[],"product_brand":[],"product_cat":[103,261,69,33],"product_tag":[],"class_list":{"0":"post-161","1":"product","2":"type-product","3":"status-publish","4":"has-post-thumbnail","6":"product_cat-plomby-zaciskowe","7":"product_cat-plomby-numerowane","8":"product_cat-plomby-plastikowe","9":"product_cat-plomby-zabezpieczajace","11":"first","12":"instock","13":"taxable","14":"shipping-taxable","15":"purchasable","16":"product-type-simple"},"tiered_pricing_type":"fixed","tiered_pricing_fixed_rules":{"50":"2.4","250":"0.96","500":"0.84","1000":"0.6"},"_links":{"self":[{"href":"https:\/\/immersafe.pl\/sklep\/wp-json\/wp\/v2\/product\/161","targetHints":{"allow":["GET"]}}],"collection":[{"href":"https:\/\/immersafe.pl\/sklep\/wp-json\/wp\/v2\/product"}],"about":[{"href":"https:\/\/immersafe.pl\/sklep\/wp-json\/wp\/v2\/types\/product"}],"wp:featuredmedia":[{"embeddable":true,"href":"https:\/\/immersafe.pl\/sklep\/wp-json\/wp\/v2\/media\/539"}],"wp:attachment":[{"href":"https:\/\/immersafe.pl\/sklep\/wp-json\/wp\/v2\/media?parent=161"}],"wp:term":[{"taxonomy":"product_brand","embeddable":true,"href":"https:\/\/immersafe.pl\/sklep\/wp-json\/wp\/v2\/product_brand?post=161"},{"taxonomy":"product_cat","embeddable":true,"href":"https:\/\/immersafe.pl\/sklep\/wp-json\/wp\/v2\/product_cat?post=161"},{"taxonomy":"product_tag","embeddable":true,"href":"https:\/\/immersafe.pl\/sklep\/wp-json\/wp\/v2\/product_tag?post=161"}],"curies":[{"name":"wp","href":"https:\/\/api.w.org\/{rel}","templated":true}]}}