{"id":1620,"date":"2021-12-06T11:58:25","date_gmt":"2021-12-06T11:58:25","guid":{"rendered":"http:\/\/immersafe.pl\/shop\/?post_type=product&#038;p=1620"},"modified":"2025-07-30T10:09:27","modified_gmt":"2025-07-30T10:09:27","slug":"plombownica-15-cm","status":"publish","type":"product","link":"https:\/\/immersafe.pl\/sklep\/plombownica-15-cm","title":{"rendered":"Plombownica 15 cm"},"content":{"rendered":"<p>Plombownica to praktyczne urz\u0105dzenie s\u0142u\u017c\u0105ce do zaciskania plomb o\u0142owianych lub plastikowych na drucie plombowniczym co jest gwarancj\u0105 bezpiecze\u0144stwa i nienaruszalno\u015bci. Plombownic\u0119 zaciska si\u0119 r\u0119cznie, a na powierzchni plomby zostaje trwale odbity indywidualny znak, kt\u00f3ry jest wygrawerowany na kamieniu plombowniczym.<\/p>\n<h5>\u015ar. plomby<\/h5>\n<ul>\n<li>8 mm<\/li>\n<li>10 mm<\/li>\n<li>12 mm<\/li>\n<\/ul>\n<h5>Zastosowanie<\/h5>\n<ul>\n<li>liczniki pomiarowe<\/li>\n<li>wodomierze<\/li>\n<li>magazyny<\/li>\n<li>samochody transportowe<\/li>\n<\/ul>\n","protected":false},"excerpt":{"rendered":"<p>Mo\u017cliwo\u015b\u0107 pracy z plombami o rozmiarze 8, 10 i 12 mm<\/p>\n","protected":false},"featured_media":1612,"template":"","meta":[],"product_brand":[],"product_cat":[38,121,137],"product_tag":[],"class_list":{"0":"post-1620","1":"product","2":"type-product","3":"status-publish","4":"has-post-thumbnail","6":"product_cat-zastosowania","7":"product_cat-narzedzia","8":"product_cat-plombownice","10":"first","11":"instock","12":"featured","13":"taxable","14":"shipping-taxable","15":"purchasable","16":"product-type-simple"},"tiered_pricing_type":"fixed","tiered_pricing_fixed_rules":[],"_links":{"self":[{"href":"https:\/\/immersafe.pl\/sklep\/wp-json\/wp\/v2\/product\/1620","targetHints":{"allow":["GET"]}}],"collection":[{"href":"https:\/\/immersafe.pl\/sklep\/wp-json\/wp\/v2\/product"}],"about":[{"href":"https:\/\/immersafe.pl\/sklep\/wp-json\/wp\/v2\/types\/product"}],"wp:featuredmedia":[{"embeddable":true,"href":"https:\/\/immersafe.pl\/sklep\/wp-json\/wp\/v2\/media\/1612"}],"wp:attachment":[{"href":"https:\/\/immersafe.pl\/sklep\/wp-json\/wp\/v2\/media?parent=1620"}],"wp:term":[{"taxonomy":"product_brand","embeddable":true,"href":"https:\/\/immersafe.pl\/sklep\/wp-json\/wp\/v2\/product_brand?post=1620"},{"taxonomy":"product_cat","embeddable":true,"href":"https:\/\/immersafe.pl\/sklep\/wp-json\/wp\/v2\/product_cat?post=1620"},{"taxonomy":"product_tag","embeddable":true,"href":"https:\/\/immersafe.pl\/sklep\/wp-json\/wp\/v2\/product_tag?post=1620"}],"curies":[{"name":"wp","href":"https:\/\/api.w.org\/{rel}","templated":true}]}}