{"id":1625,"date":"2021-12-06T12:13:00","date_gmt":"2021-12-06T12:13:00","guid":{"rendered":"http:\/\/immersafe.pl\/shop\/?post_type=product&#038;p=1625"},"modified":"2025-07-30T10:12:11","modified_gmt":"2025-07-30T10:12:11","slug":"plombownica-z-datownikiem","status":"publish","type":"product","link":"https:\/\/immersafe.pl\/sklep\/plombownica-z-datownikiem","title":{"rendered":"Plombownica z datownikiem"},"content":{"rendered":"<p>Plombownica podczas zaciskania plomby odciska na niej ustawiona dat\u0119 (d-m-r). Data jest ustawiana manualnie, poprzez zmian\u0119 ustawie\u0144 pier\u015bcienia plombowniczego. Dodatkowo plombownica jest wyposa\u017cona w blokad\u0119, kt\u00f3ra uniemo\u017cliwia przestawienie si\u0119 daty podczas u\u017cytkowania. Druga strona plombownicy jest wyposa\u017cona w standardowy kamie\u0144 plombowniczy o \u015brednicy 12 lub 14 mm, kt\u00f3ry pozostawia trwale odbity indywidualny znak.<\/p>\n<p>Nadaje si\u0119 szczeg\u00f3lnie do plombowania przy u\u017cyciu plomb o wi\u0119kszych \u015brednicach 12 mm i 14 mm, oraz do plomb plastikowych typu I-Seal.<\/p>\n<h5>\u015ar. plomby<\/h5>\n<ul>\n<li>12 mm<\/li>\n<li>14 mm<\/li>\n<\/ul>\n<h5>Zastosowanie<\/h5>\n<ul>\n<li>pomieszczenia magazynowe<\/li>\n<li>biura<\/li>\n<li>zabezpieczenie urz\u0105dze\u0144<\/li>\n<li>kontenery transportowe<\/li>\n<\/ul>\n","protected":false},"excerpt":{"rendered":"<p>Mo\u017cliwo\u015b\u0107 pracy z plombami o rozmiarze 12 i 14 mm<\/p>\n","protected":false},"featured_media":1616,"template":"","meta":[],"product_brand":[],"product_cat":[38,121,137],"product_tag":[],"class_list":{"0":"post-1625","1":"product","2":"type-product","3":"status-publish","4":"has-post-thumbnail","6":"product_cat-zastosowania","7":"product_cat-narzedzia","8":"product_cat-plombownice","10":"first","11":"instock","12":"taxable","13":"shipping-taxable","14":"purchasable","15":"product-type-simple"},"tiered_pricing_type":"fixed","tiered_pricing_fixed_rules":[],"_links":{"self":[{"href":"https:\/\/immersafe.pl\/sklep\/wp-json\/wp\/v2\/product\/1625","targetHints":{"allow":["GET"]}}],"collection":[{"href":"https:\/\/immersafe.pl\/sklep\/wp-json\/wp\/v2\/product"}],"about":[{"href":"https:\/\/immersafe.pl\/sklep\/wp-json\/wp\/v2\/types\/product"}],"wp:featuredmedia":[{"embeddable":true,"href":"https:\/\/immersafe.pl\/sklep\/wp-json\/wp\/v2\/media\/1616"}],"wp:attachment":[{"href":"https:\/\/immersafe.pl\/sklep\/wp-json\/wp\/v2\/media?parent=1625"}],"wp:term":[{"taxonomy":"product_brand","embeddable":true,"href":"https:\/\/immersafe.pl\/sklep\/wp-json\/wp\/v2\/product_brand?post=1625"},{"taxonomy":"product_cat","embeddable":true,"href":"https:\/\/immersafe.pl\/sklep\/wp-json\/wp\/v2\/product_cat?post=1625"},{"taxonomy":"product_tag","embeddable":true,"href":"https:\/\/immersafe.pl\/sklep\/wp-json\/wp\/v2\/product_tag?post=1625"}],"curies":[{"name":"wp","href":"https:\/\/api.w.org\/{rel}","templated":true}]}}