{"id":164,"date":"2020-07-30T12:19:03","date_gmt":"2020-07-30T12:19:03","guid":{"rendered":"http:\/\/dshop.ehades.eu\/product\/import-placeholder-for-75\/"},"modified":"2025-07-25T13:40:21","modified_gmt":"2025-07-25T13:40:21","slug":"plomba-zaciskowa-duo-seal-225","status":"publish","type":"product","link":"https:\/\/immersafe.pl\/sklep\/produkt\/plomby-zabezpieczajace\/plomby-zaciskowe\/plomba-zaciskowa-duo-seal-225\/","title":{"rendered":"Plomba zaciskowa DUO SEAL 225"},"content":{"rendered":"<p>Plomba DUO to bardzo unikalne podw\u00f3jne zabezpieczenie, dzi\u0119ki podw\u00f3jnemu mechanizmowi plombuj\u0105cemu.<br \/>\nDedykowana do zabezpieczenia work\u00f3w, trudna do otwarcia bez pozostawienia \u015blad\u00f3w.<\/p>\n<p>\u0141atwa r\u0119czna aplikacja, specjalne kolce uniemo\u017cliwiaj\u0105ce \u015bci\u0105gni\u0119cie z worka, zawieszka, du\u017cy panel z unikalnym Numerem Seryjnym.<\/p>\n","protected":false},"excerpt":{"rendered":"<p>Plomba z podw\u00f3jnym mechanizmem plombuj\u0105cym<\/p>\n","protected":false},"featured_media":1220,"template":"","meta":[],"product_brand":[],"product_cat":[103,261,69,33],"product_tag":[],"class_list":{"0":"post-164","1":"product","2":"type-product","3":"status-publish","4":"has-post-thumbnail","6":"product_cat-plomby-zaciskowe","7":"product_cat-plomby-numerowane","8":"product_cat-plomby-plastikowe","9":"product_cat-plomby-zabezpieczajace","11":"first","12":"onbackorder","13":"taxable","14":"shipping-taxable","15":"purchasable","16":"product-type-simple"},"tiered_pricing_type":"fixed","tiered_pricing_fixed_rules":{"50":"2.28","250":"1.32","500":"0.84","1000":"0.6"},"_links":{"self":[{"href":"https:\/\/immersafe.pl\/sklep\/wp-json\/wp\/v2\/product\/164","targetHints":{"allow":["GET"]}}],"collection":[{"href":"https:\/\/immersafe.pl\/sklep\/wp-json\/wp\/v2\/product"}],"about":[{"href":"https:\/\/immersafe.pl\/sklep\/wp-json\/wp\/v2\/types\/product"}],"wp:featuredmedia":[{"embeddable":true,"href":"https:\/\/immersafe.pl\/sklep\/wp-json\/wp\/v2\/media\/1220"}],"wp:attachment":[{"href":"https:\/\/immersafe.pl\/sklep\/wp-json\/wp\/v2\/media?parent=164"}],"wp:term":[{"taxonomy":"product_brand","embeddable":true,"href":"https:\/\/immersafe.pl\/sklep\/wp-json\/wp\/v2\/product_brand?post=164"},{"taxonomy":"product_cat","embeddable":true,"href":"https:\/\/immersafe.pl\/sklep\/wp-json\/wp\/v2\/product_cat?post=164"},{"taxonomy":"product_tag","embeddable":true,"href":"https:\/\/immersafe.pl\/sklep\/wp-json\/wp\/v2\/product_tag?post=164"}],"curies":[{"name":"wp","href":"https:\/\/api.w.org\/{rel}","templated":true}]}}