{"id":172,"date":"2020-07-30T12:19:03","date_gmt":"2020-07-30T12:19:03","guid":{"rendered":"http:\/\/dshop.ehades.eu\/product\/import-placeholder-for-85\/"},"modified":"2025-07-25T11:31:37","modified_gmt":"2025-07-25T11:31:37","slug":"sztaba-plombujaca-bar-seal","status":"publish","type":"product","link":"https:\/\/immersafe.pl\/sklep\/produkt\/plomby-zabezpieczajace\/plomby-transportowe\/sztaba-plombujaca-bar-seal\/","title":{"rendered":"Sztaba barierowo-plombuj\u0105ca BAR SEAL"},"content":{"rendered":"<p>Sztaba kontenerowa Bar Seal to bardzo skuteczna bariera dla transport\u00f3w wysokiej warto\u015bci. Ten zestaw sk\u0142adaj\u0105cy si\u0119 ze sztaby i dedykowanej plomby boltowej uniemo\u017cliwia szybkie otwarcie nawet przy pomocy zwyk\u0142ych narz\u0119dzi tn\u0105cych. Sztab\u0119 nale\u017cy umie\u015bci\u0107 na ryglach kontenera lub naczepy i zabezpieczy\u0107 dedykowan\u0105 plomb\u0105. Ten zestaw skutecznie zwi\u0119ksza poziom bezpiecze\u0144stwa z uwagi na to, \u017ce numeracja jest powt\u00f3rzona na obejmie i trzpieniu plomby \u2013 daje to pewno\u015b\u0107, \u017ce plomba nie by\u0142a otwierana w czasie transportu. Bar Seal pasuje do wszystkich rodzaj\u00f3w kontener\u00f3w. Uniemo\u017cliwia szybkie dostanie si\u0119 os\u00f3b postronnych podczas parkowania.<\/p>\n<p>\u015aci\u0105gni\u0119cie plomby mo\u017cliwe jest jedynie przy u\u017cyciu ci\u0119\u017ckich narz\u0119dzi. Zestaw plomb kontenerowych Bar Seal spe\u0142nia wszystkie normy wymagane przez urz\u0119dy celne na ca\u0142ym \u015bwiecie i <strong>posiada certyfikat ISO\/PAS 17712:2013, tym samym jest to plomba typu High Security (H)<\/strong><\/p>\n<p><strong>Plomba zak\u0142adana r\u0119cznie.<\/strong><br \/>\n<strong>\u015aci\u0105gana narz\u0119dziami.<\/strong><\/p>\n<h5>Zastosowanie<\/h5>\n<ul>\n<li>kontenery<\/li>\n<li>kontenery morskie<\/li>\n<li>wagony kolejowe<\/li>\n<li>naczepy TIR<\/li>\n<\/ul>\n","protected":false},"excerpt":{"rendered":"<p>Stalowa plomba kontenerowa, najwy\u017cszy poziom bezpiecze\u0144stwa. Posiada certyfikat ISO 17712.<\/p>\n","protected":false},"featured_media":533,"template":"","meta":[],"product_brand":[],"product_cat":[36,261,33,59,119],"product_tag":[],"class_list":{"0":"post-172","1":"product","2":"type-product","3":"status-publish","4":"has-post-thumbnail","6":"product_cat-plomby-transportowe","7":"product_cat-plomby-numerowane","8":"product_cat-plomby-zabezpieczajace","9":"product_cat-plomby-zabezpieczajace-high-security-seal-z-iso-177122013","10":"product_cat-polecane-produkty","12":"first","13":"instock","14":"taxable","15":"shipping-taxable","16":"purchasable","17":"product-type-simple"},"tiered_pricing_type":"fixed","tiered_pricing_fixed_rules":{"5":"96.00","10":"90.00","25":"84.00","50":"78.00","100":"72.00","250":"66.00","500":"60"},"_links":{"self":[{"href":"https:\/\/immersafe.pl\/sklep\/wp-json\/wp\/v2\/product\/172","targetHints":{"allow":["GET"]}}],"collection":[{"href":"https:\/\/immersafe.pl\/sklep\/wp-json\/wp\/v2\/product"}],"about":[{"href":"https:\/\/immersafe.pl\/sklep\/wp-json\/wp\/v2\/types\/product"}],"wp:featuredmedia":[{"embeddable":true,"href":"https:\/\/immersafe.pl\/sklep\/wp-json\/wp\/v2\/media\/533"}],"wp:attachment":[{"href":"https:\/\/immersafe.pl\/sklep\/wp-json\/wp\/v2\/media?parent=172"}],"wp:term":[{"taxonomy":"product_brand","embeddable":true,"href":"https:\/\/immersafe.pl\/sklep\/wp-json\/wp\/v2\/product_brand?post=172"},{"taxonomy":"product_cat","embeddable":true,"href":"https:\/\/immersafe.pl\/sklep\/wp-json\/wp\/v2\/product_cat?post=172"},{"taxonomy":"product_tag","embeddable":true,"href":"https:\/\/immersafe.pl\/sklep\/wp-json\/wp\/v2\/product_tag?post=172"}],"curies":[{"name":"wp","href":"https:\/\/api.w.org\/{rel}","templated":true}]}}