{"id":1745,"date":"2022-07-22T14:11:53","date_gmt":"2022-07-22T14:11:53","guid":{"rendered":"https:\/\/immersafe.pl\/sklep\/?post_type=product&#038;p=1745"},"modified":"2025-07-25T13:42:00","modified_gmt":"2025-07-25T13:42:00","slug":"plomba-zaciskowa-stripe-seal-250","status":"publish","type":"product","link":"https:\/\/immersafe.pl\/sklep\/1000szt-plomba-zaciskowa-super-seal-300-5","title":{"rendered":"Plomba zaciskowa STRIPE SEAL 250"},"content":{"rendered":"<p>Stripe Seal 250 to plomba zaciskowa w ca\u0142o\u015bci wykonana z tworzywa sztucznego (PP). Karbowana linka sprawia, \u017ce plomba \u200b\u200bjest bardzo przyjazna dla u\u017cytkownika i \u0142atwy w aplikacji. Mimo, \u017ce Stripe Seal jest w ca\u0142o\u015bci wykonany z tworzywa sztucznego, ma wysok\u0105 wytrzyma\u0142o\u015b\u0107 na zerwanie wynosz\u0105c\u0105 25 kg.<\/p>\n<p><em>Plomba zaci\u0105gana r\u0119cznie.<\/em><\/p>\n","protected":false},"excerpt":{"rendered":"<p>Stripe Seal 250 to plomba zaciskowa w ca\u0142o\u015bci wykonana z tworzywa sztucznego (PP). Karbowana linka sprawia, \u017ce plomba \u200b\u200bjest bardzo przyjazna dla u\u017cytkownika i \u0142atwy w aplikacji. Mimo, \u017ce Stripe Seal jest w ca\u0142o\u015bci wykonany z tworzywa sztucznego, ma wysok\u0105 wytrzyma\u0142o\u015b\u0107 na zerwanie wynosz\u0105c\u0105 25 kg. Plomba zaci\u0105gana r\u0119cznie.<\/p>\n","protected":false},"featured_media":1746,"template":"","meta":[],"product_brand":[],"product_cat":[69,261,33,103],"product_tag":[],"class_list":{"0":"post-1745","1":"product","2":"type-product","3":"status-publish","4":"has-post-thumbnail","6":"product_cat-plomby-plastikowe","7":"product_cat-plomby-numerowane","8":"product_cat-plomby-zabezpieczajace","9":"product_cat-plomby-zaciskowe","11":"first","12":"instock","13":"taxable","14":"shipping-taxable","15":"purchasable","16":"product-type-simple"},"tiered_pricing_type":"fixed","tiered_pricing_fixed_rules":{"50":"2.05","250":"0.96","500":"0.72","1000":"0.48"},"_links":{"self":[{"href":"https:\/\/immersafe.pl\/sklep\/wp-json\/wp\/v2\/product\/1745","targetHints":{"allow":["GET"]}}],"collection":[{"href":"https:\/\/immersafe.pl\/sklep\/wp-json\/wp\/v2\/product"}],"about":[{"href":"https:\/\/immersafe.pl\/sklep\/wp-json\/wp\/v2\/types\/product"}],"wp:featuredmedia":[{"embeddable":true,"href":"https:\/\/immersafe.pl\/sklep\/wp-json\/wp\/v2\/media\/1746"}],"wp:attachment":[{"href":"https:\/\/immersafe.pl\/sklep\/wp-json\/wp\/v2\/media?parent=1745"}],"wp:term":[{"taxonomy":"product_brand","embeddable":true,"href":"https:\/\/immersafe.pl\/sklep\/wp-json\/wp\/v2\/product_brand?post=1745"},{"taxonomy":"product_cat","embeddable":true,"href":"https:\/\/immersafe.pl\/sklep\/wp-json\/wp\/v2\/product_cat?post=1745"},{"taxonomy":"product_tag","embeddable":true,"href":"https:\/\/immersafe.pl\/sklep\/wp-json\/wp\/v2\/product_tag?post=1745"}],"curies":[{"name":"wp","href":"https:\/\/api.w.org\/{rel}","templated":true}]}}