{"id":1761,"date":"2022-08-24T14:53:51","date_gmt":"2022-08-24T14:53:51","guid":{"rendered":"https:\/\/immersafe.pl\/sklep\/?post_type=product&#038;p=1761"},"modified":"2025-07-25T14:39:12","modified_gmt":"2025-07-25T14:39:12","slug":"koperta-bezpieczna-c3-biala-2","status":"publish","type":"product","link":"https:\/\/immersafe.pl\/sklep\/produkt\/koperty-i-woreczki\/koperty-bezpieczne\/koperta-bezpieczna-c3-biala-2\/","title":{"rendered":"Koperta bezpieczna C3 &#8211; bia\u0142a"},"content":{"rendered":"<h3><strong>Koperta Bezpieczna C3<\/strong><\/h3>\n<p>Nieprzezroczyste koperty bezpieczne s\u0105 stosowane do przekazu i deponowania zawarto\u015bci, kt\u00f3ra nie mo\u017ce by\u0107 widoczna ze wzgl\u0119d\u00f3w bezpiecze\u0144stwa lub prywatno\u015bci \u2013 pieni\u0105dze, kosztowno\u015bci czy dokumenty firmowe.<\/p>\n<p>Koperty depozytowe s\u0105 wyposa\u017cone w specjaln\u0105 ta\u015bm\u0119 samolakuj\u0105c\u0105, kt\u00f3ra uniemo\u017cliwia otwarcie koperty bez pozostawienia \u015blad\u00f3w. Sama ta\u015bma gwarantuje najwy\u017cszy poziom bezpiecze\u0144stwa &#8211; s\u0105 w niej zastosowane a\u017c 4 indykatory, kt\u00f3re ujawniaj\u0105 pr\u00f3by manipulacji przy zastosowaniu technik mechanicznych, chemicznych, wysokich i niskich temperatur.<\/p>\n<p>Koperty bezpieczne s\u0105 wykonane z mocnej, tr\u00f3jwarstwowej, zgrzewanej folii odpornej na rozrywanie i przypadkowe uszkodzenia w transporcie. Zastosowany mikrodruk stanowi zabezpieczenie bocznych kraw\u0119dzi koperty, dzi\u0119ki niemu rozci\u0119cie brzegu i ponowne zgrzanie jest od razu widoczne. Dodatkowe odcinki kwituj\u0105ce stanowi\u0105 dokument przekazania koperty.<\/p>\n<p>Stosujemy tylko unikalna numeracj\u0119 kopert.<\/p>\n<h5>Zastosowanie<\/h5>\n<ul>\n<li>deponowanie i przekaz got\u00f3wki<\/li>\n<li>przechowywanie kod\u00f3w PIN<\/li>\n<li>przesy\u0142anie poufnych dokument\u00f3w, kart do g\u0142osowania, ofert przetargowych<\/li>\n<li>zabezpieczanie kluczy i kart dost\u0119powych<\/li>\n<li>przechowywanie pr\u00f3bek<\/li>\n<li>zabezpieczanie dowod\u00f3w rzeczowych<\/li>\n<\/ul>\n","protected":false},"excerpt":{"rendered":"<p>310&#215;460 mm<br \/>\n+ odcinki kwituj\u0105ce<\/p>\n","protected":false},"featured_media":1731,"template":"","meta":[],"product_brand":[],"product_cat":[23],"product_tag":[],"class_list":{"0":"post-1761","1":"product","2":"type-product","3":"status-publish","4":"has-post-thumbnail","6":"product_cat-koperty-bezpieczne","8":"first","9":"instock","10":"taxable","11":"shipping-taxable","12":"purchasable","13":"product-type-simple"},"tiered_pricing_type":"fixed","tiered_pricing_fixed_rules":{"50":"4.20","250":"3.48","500":"2.76","1000":"2.05"},"_links":{"self":[{"href":"https:\/\/immersafe.pl\/sklep\/wp-json\/wp\/v2\/product\/1761","targetHints":{"allow":["GET"]}}],"collection":[{"href":"https:\/\/immersafe.pl\/sklep\/wp-json\/wp\/v2\/product"}],"about":[{"href":"https:\/\/immersafe.pl\/sklep\/wp-json\/wp\/v2\/types\/product"}],"wp:featuredmedia":[{"embeddable":true,"href":"https:\/\/immersafe.pl\/sklep\/wp-json\/wp\/v2\/media\/1731"}],"wp:attachment":[{"href":"https:\/\/immersafe.pl\/sklep\/wp-json\/wp\/v2\/media?parent=1761"}],"wp:term":[{"taxonomy":"product_brand","embeddable":true,"href":"https:\/\/immersafe.pl\/sklep\/wp-json\/wp\/v2\/product_brand?post=1761"},{"taxonomy":"product_cat","embeddable":true,"href":"https:\/\/immersafe.pl\/sklep\/wp-json\/wp\/v2\/product_cat?post=1761"},{"taxonomy":"product_tag","embeddable":true,"href":"https:\/\/immersafe.pl\/sklep\/wp-json\/wp\/v2\/product_tag?post=1761"}],"curies":[{"name":"wp","href":"https:\/\/api.w.org\/{rel}","templated":true}]}}