{"id":1777,"date":"2022-08-25T15:36:21","date_gmt":"2022-08-25T15:36:21","guid":{"rendered":"https:\/\/immersafe.pl\/sklep\/?post_type=product&#038;p=1777"},"modified":"2024-10-17T11:43:20","modified_gmt":"2024-10-17T11:43:20","slug":"woreczek-na-bilon","status":"publish","type":"product","link":"https:\/\/immersafe.pl\/sklep\/produkt\/produkty\/woreczek-na-bilon\/","title":{"rendered":"Woreczek na bilon"},"content":{"rendered":"<p>Woreczki do pakowania bilonu. Bia\u0142y panel s\u0142u\u017cy do robienia notatek d\u0142ugopisem.<\/p>\n","protected":false},"excerpt":{"rendered":"<p>Jednorazowe woreczki na bilon<br \/>\n115&#215;215 mm<\/p>\n","protected":false},"featured_media":1779,"template":"","meta":[],"product_brand":[],"product_cat":[15],"product_tag":[],"class_list":{"0":"post-1777","1":"product","2":"type-product","3":"status-publish","4":"has-post-thumbnail","6":"product_cat-produkty","8":"first","9":"instock","10":"taxable","11":"shipping-taxable","12":"purchasable","13":"product-type-simple"},"tiered_pricing_type":"fixed","tiered_pricing_fixed_rules":{"50":"1.08","250":"0.84","500":"0.60","1000":"0.24"},"_links":{"self":[{"href":"https:\/\/immersafe.pl\/sklep\/wp-json\/wp\/v2\/product\/1777","targetHints":{"allow":["GET"]}}],"collection":[{"href":"https:\/\/immersafe.pl\/sklep\/wp-json\/wp\/v2\/product"}],"about":[{"href":"https:\/\/immersafe.pl\/sklep\/wp-json\/wp\/v2\/types\/product"}],"wp:featuredmedia":[{"embeddable":true,"href":"https:\/\/immersafe.pl\/sklep\/wp-json\/wp\/v2\/media\/1779"}],"wp:attachment":[{"href":"https:\/\/immersafe.pl\/sklep\/wp-json\/wp\/v2\/media?parent=1777"}],"wp:term":[{"taxonomy":"product_brand","embeddable":true,"href":"https:\/\/immersafe.pl\/sklep\/wp-json\/wp\/v2\/product_brand?post=1777"},{"taxonomy":"product_cat","embeddable":true,"href":"https:\/\/immersafe.pl\/sklep\/wp-json\/wp\/v2\/product_cat?post=1777"},{"taxonomy":"product_tag","embeddable":true,"href":"https:\/\/immersafe.pl\/sklep\/wp-json\/wp\/v2\/product_tag?post=1777"}],"curies":[{"name":"wp","href":"https:\/\/api.w.org\/{rel}","templated":true}]}}