{"id":1956,"date":"2024-10-17T11:23:48","date_gmt":"2024-10-17T11:23:48","guid":{"rendered":"https:\/\/immersafe.pl\/sklep\/?post_type=product&#038;p=1956"},"modified":"2025-09-09T08:41:26","modified_gmt":"2025-09-09T08:41:26","slug":"plomba-kontenerowa-immer-bolt-50","status":"publish","type":"product","link":"https:\/\/immersafe.pl\/sklep\/plomba-kontenerowa-immer-bolt-50","title":{"rendered":"Plomba kontenerowa IMMER BOLT &#8211; 50 szt."},"content":{"rendered":"<h2>Plomba kontenerowa Immer Bolt to wytrzyma\u0142a plomba zabezpieczaj\u0105ca do kontener\u00f3w, kt\u00f3ra sk\u0142ada si\u0119 z dw\u00f3ch metalowych element\u00f3w, pokrytych plastikiem ABS. Po zatrza\u015bni\u0119ciu plomby trzpie\u0144 nie obraca si\u0119 w komorze (ANTI SPIN). Najwy\u017cszy standard bezpiecze\u0144stwa, kolejna numeracja, na zam\u00f3wienie kod kreskowy i logo. Znakowanie odbywa si\u0119 grawerem laserowym czyli najtrwalsz\u0105 metod\u0105 znakowania. Numeracja jest nanoszona na trzpie\u0144 i komor\u0119 plombuj\u0105c\u0105.<\/h2>\n<p>Immer Bolt jest zgodny z norm\u0105 <strong>ISO 17712:2013<\/strong> i spe\u0142nia kryteria bezpiecze\u0144stwa organizacji C-TPAT \u2013 to plomba typu High Security Seal (H), raport z testu przeprowadzony przez laboratorium Dayton &amp; Brown USA, produkcja zgodna z ISO.<\/p>\n<p><strong>Plomba zak\u0142adana r\u0119cznie.<\/strong><br \/>\n<strong>\u015aci\u0105gana narz\u0119dziami tn\u0105cymi<\/strong><\/p>\n<h5>Zastosowanie<\/h5>\n<ul>\n<li><span style=\"vertical-align: inherit;\"><span style=\"vertical-align: inherit;\"><span style=\"vertical-align: inherit;\"><span style=\"vertical-align: inherit;\"><span style=\"vertical-align: inherit;\"><span style=\"vertical-align: inherit;\">transport morski<\/span><\/span><\/span><\/span><\/span><\/span><\/li>\n<li>samochodowy \u2013 plombowanie kontener\u00f3w<\/li>\n<li>naczepy<\/li>\n<li>wagony<\/li>\n<\/ul>\n","protected":false},"excerpt":{"rendered":"<p><strong>50 sztuk w opakowaniu.<\/strong><\/p>\n<div class=\"woocommerce-product-details__short-description\">\n<p>Wykonana ze stali i ABS, posiada certyfikat ISO 17712:2013<\/p>\n<\/div>\n","protected":false},"featured_media":1702,"template":"","meta":[],"product_brand":[],"product_cat":[36,261,33,59,119],"product_tag":[],"class_list":{"0":"post-1956","1":"product","2":"type-product","3":"status-publish","4":"has-post-thumbnail","6":"product_cat-plomby-transportowe","7":"product_cat-plomby-numerowane","8":"product_cat-plomby-zabezpieczajace","9":"product_cat-plomby-zabezpieczajace-high-security-seal-z-iso-177122013","10":"product_cat-polecane-produkty","12":"first","13":"instock","14":"featured","15":"taxable","16":"shipping-taxable","17":"purchasable","18":"product-type-simple"},"tiered_pricing_type":"fixed","tiered_pricing_fixed_rules":[],"_links":{"self":[{"href":"https:\/\/immersafe.pl\/sklep\/wp-json\/wp\/v2\/product\/1956","targetHints":{"allow":["GET"]}}],"collection":[{"href":"https:\/\/immersafe.pl\/sklep\/wp-json\/wp\/v2\/product"}],"about":[{"href":"https:\/\/immersafe.pl\/sklep\/wp-json\/wp\/v2\/types\/product"}],"wp:featuredmedia":[{"embeddable":true,"href":"https:\/\/immersafe.pl\/sklep\/wp-json\/wp\/v2\/media\/1702"}],"wp:attachment":[{"href":"https:\/\/immersafe.pl\/sklep\/wp-json\/wp\/v2\/media?parent=1956"}],"wp:term":[{"taxonomy":"product_brand","embeddable":true,"href":"https:\/\/immersafe.pl\/sklep\/wp-json\/wp\/v2\/product_brand?post=1956"},{"taxonomy":"product_cat","embeddable":true,"href":"https:\/\/immersafe.pl\/sklep\/wp-json\/wp\/v2\/product_cat?post=1956"},{"taxonomy":"product_tag","embeddable":true,"href":"https:\/\/immersafe.pl\/sklep\/wp-json\/wp\/v2\/product_tag?post=1956"}],"curies":[{"name":"wp","href":"https:\/\/api.w.org\/{rel}","templated":true}]}}