{"id":1971,"date":"2024-10-18T14:27:25","date_gmt":"2024-10-18T14:27:25","guid":{"rendered":"https:\/\/immersafe.pl\/sklep\/?post_type=product&#038;p=1971"},"modified":"2025-07-25T11:31:00","modified_gmt":"2025-07-25T11:31:00","slug":"1000-szt-plomba-zaciskowa-bag-seal-300","status":"publish","type":"product","link":"https:\/\/immersafe.pl\/sklep\/1000szt-plomba-zaciskowa-super-seal-300-2","title":{"rendered":"1000 szt. &#8211; Plomba zaciskowa BAG SEAL 300"},"content":{"rendered":"<h2>Paskowa plomba plastikowa, stosowana do zabezpieczania work\u00f3w.<\/h2>\n<p>Bag Seal jest wyposa\u017cany w kolce na pasku, kt\u00f3re po zaci\u0105gni\u0119ciu plomby wbijaj\u0105 si\u0119 w tkanin\u0119 i zapobiegaj\u0105 zsuni\u0119ciu si\u0119 plomby z worka. W komorze plombuj\u0105cej umieszczona jest metalowa wk\u0142adka, kt\u00f3ra zapobiega manipulacji i zapewnia wysoki poziom bezpiecze\u0144stwa. Flaga pozwala na nadruk numeracji, logotypu i kodu kreskowego.<\/p>\n<p>Zawsze zalecamy personalizacj\u0119 plomb, \u017ceby zmniejszy\u0107 ryzyko podmiany plomby i tym samym zwi\u0119kszy\u0107 jej poziom bezpiecze\u0144stwa.<\/p>\n<p><em>Plomba zaci\u0105gana r\u0119cznie, usuwana za pomoc\u0105 narz\u0119dzia tn\u0105cego.<\/em><\/p>\n<p><strong>Zastosowanie:<\/strong><\/p>\n<ul>\n<li>transport<\/li>\n<li>magazyny<\/li>\n<li>pojemniki magazynowe<\/li>\n<li>worki do pieni\u0119dzy<\/li>\n<li>worki no dokumenty<\/li>\n<\/ul>\n","protected":false},"excerpt":{"rendered":"<h2>1000 szt.<\/h2>\n<p>Plomba zaciskowa do work\u00f3w<\/p>\n","protected":false},"featured_media":1972,"template":"","meta":[],"product_brand":[],"product_cat":[261,69,33,103],"product_tag":[],"class_list":{"0":"post-1971","1":"product","2":"type-product","3":"status-publish","4":"has-post-thumbnail","6":"product_cat-plomby-numerowane","7":"product_cat-plomby-plastikowe","8":"product_cat-plomby-zabezpieczajace","9":"product_cat-plomby-zaciskowe","11":"first","12":"instock","13":"taxable","14":"shipping-taxable","15":"purchasable","16":"product-type-simple"},"tiered_pricing_type":"fixed","tiered_pricing_fixed_rules":[],"_links":{"self":[{"href":"https:\/\/immersafe.pl\/sklep\/wp-json\/wp\/v2\/product\/1971","targetHints":{"allow":["GET"]}}],"collection":[{"href":"https:\/\/immersafe.pl\/sklep\/wp-json\/wp\/v2\/product"}],"about":[{"href":"https:\/\/immersafe.pl\/sklep\/wp-json\/wp\/v2\/types\/product"}],"wp:featuredmedia":[{"embeddable":true,"href":"https:\/\/immersafe.pl\/sklep\/wp-json\/wp\/v2\/media\/1972"}],"wp:attachment":[{"href":"https:\/\/immersafe.pl\/sklep\/wp-json\/wp\/v2\/media?parent=1971"}],"wp:term":[{"taxonomy":"product_brand","embeddable":true,"href":"https:\/\/immersafe.pl\/sklep\/wp-json\/wp\/v2\/product_brand?post=1971"},{"taxonomy":"product_cat","embeddable":true,"href":"https:\/\/immersafe.pl\/sklep\/wp-json\/wp\/v2\/product_cat?post=1971"},{"taxonomy":"product_tag","embeddable":true,"href":"https:\/\/immersafe.pl\/sklep\/wp-json\/wp\/v2\/product_tag?post=1971"}],"curies":[{"name":"wp","href":"https:\/\/api.w.org\/{rel}","templated":true}]}}