{"id":2114,"date":"2025-07-25T09:06:47","date_gmt":"2025-07-25T09:06:47","guid":{"rendered":"https:\/\/immersafe.pl\/sklep\/?post_type=product&#038;p=2114"},"modified":"2025-09-09T08:42:54","modified_gmt":"2025-09-09T08:42:54","slug":"zestaw-plomb-zabezpieczajacych","status":"publish","type":"product","link":"https:\/\/immersafe.pl\/sklep\/zestaw-plomb-zabezpieczajacych","title":{"rendered":"Zestaw Plomb Zabezpieczaj\u0105cych"},"content":{"rendered":"<p data-start=\"455\" data-end=\"727\"><strong data-start=\"455\" data-end=\"489\">Zestaw plomb zabezpieczaj\u0105cych<\/strong> to komplet wybranych modeli do r\u00f3\u017cnych zastosowa\u0144 \u2013 od plomb plastikowych i zaciskowych po metalowe, kablowe, transportowe oraz kontenerowe. Przeznaczone do zabezpieczania przesy\u0142ek, drzwi, work\u00f3w depozytowych, pojemnik\u00f3w czy kontener\u00f3w.<\/p>\n<p data-start=\"729\" data-end=\"984\">Idealne dla firm logistycznych, magazyn\u00f3w, transportu drogowego i morskiego, a tak\u017ce dla instytucji wymagaj\u0105cych pe\u0142nej kontroli dost\u0119pu i nienaruszalno\u015bci przesy\u0142ek. Zestawy dost\u0119pne w r\u00f3\u017cnych wariantach \u2013 do test\u00f3w, prezentacji lub jako pakiet startowy.<\/p>\n","protected":false},"excerpt":{"rendered":"<p data-start=\"274\" data-end=\"406\">Zestaw plomb zabezpieczaj\u0105cych: plastikowe, kablowe, metalowe i kontenerowe. Kompleksowe rozwi\u0105zania do ochrony mienia i transportu.<\/p>\n","protected":false},"featured_media":2126,"template":"","meta":[],"product_brand":[],"product_cat":[36,35,77,69,33,59,103,119,135,38],"product_tag":[],"class_list":{"0":"post-2114","1":"product","2":"type-product","3":"status-publish","4":"has-post-thumbnail","6":"product_cat-plomby-transportowe","7":"product_cat-plomby-kablowe","8":"product_cat-plomby-o-stalej-dlugosci","9":"product_cat-plomby-plastikowe","10":"product_cat-plomby-zabezpieczajace","11":"product_cat-plomby-zabezpieczajace-high-security-seal-z-iso-177122013","12":"product_cat-plomby-zaciskowe","13":"product_cat-polecane-produkty","14":"product_cat-transport-i-magazyny","15":"product_cat-zastosowania","17":"first","18":"instock","19":"featured","20":"taxable","21":"shipping-taxable","22":"purchasable","23":"product-type-variable"},"tiered_pricing_type":"fixed","tiered_pricing_fixed_rules":[],"_links":{"self":[{"href":"https:\/\/immersafe.pl\/sklep\/wp-json\/wp\/v2\/product\/2114","targetHints":{"allow":["GET"]}}],"collection":[{"href":"https:\/\/immersafe.pl\/sklep\/wp-json\/wp\/v2\/product"}],"about":[{"href":"https:\/\/immersafe.pl\/sklep\/wp-json\/wp\/v2\/types\/product"}],"wp:featuredmedia":[{"embeddable":true,"href":"https:\/\/immersafe.pl\/sklep\/wp-json\/wp\/v2\/media\/2126"}],"wp:attachment":[{"href":"https:\/\/immersafe.pl\/sklep\/wp-json\/wp\/v2\/media?parent=2114"}],"wp:term":[{"taxonomy":"product_brand","embeddable":true,"href":"https:\/\/immersafe.pl\/sklep\/wp-json\/wp\/v2\/product_brand?post=2114"},{"taxonomy":"product_cat","embeddable":true,"href":"https:\/\/immersafe.pl\/sklep\/wp-json\/wp\/v2\/product_cat?post=2114"},{"taxonomy":"product_tag","embeddable":true,"href":"https:\/\/immersafe.pl\/sklep\/wp-json\/wp\/v2\/product_tag?post=2114"}],"curies":[{"name":"wp","href":"https:\/\/api.w.org\/{rel}","templated":true}]}}