{"id":569,"date":"2020-09-01T13:54:52","date_gmt":"2020-09-01T13:54:52","guid":{"rendered":"http:\/\/immersafe.sk\/shop\/?post_type=product&#038;p=569"},"modified":"2025-07-28T15:42:45","modified_gmt":"2025-07-28T15:42:45","slug":"plomba-kablowa-alu-3-5-mm","status":"publish","type":"product","link":"https:\/\/immersafe.pl\/sklep\/produkt\/plomby-zabezpieczajace\/plomby-kablowe\/plomba-kablowa-alu-3-5-mm\/","title":{"rendered":"Plomba kablowa 3,5 mm"},"content":{"rendered":"<p>Plomba kontenerowa o zmiennej d\u0142ugo\u015bci posiadaj\u0105ca plecion\u0105 i elastyczn\u0105 stalow\u0105 link\u0119 o \u015brednicy 3,5 mm. Jest stosowana g\u0142\u00f3wnie w transporcie, nawet na du\u017cych odleg\u0142o\u015bciach. D\u0142ugo\u015b\u0107 plomby jest regulowana poprzez przeprowadzenie stalowej linki przez otw\u00f3r komory plombuj\u0105cej i zaci\u0105gni\u0119cie jej na po\u017c\u0105dan\u0105 d\u0142ugo\u015b\u0107. Po zamkni\u0119ciu nie ma mo\u017cliwo\u015bci ponownego otwarcia plomby, a do jej usuni\u0119cia niezb\u0119dne jest u\u017cycie narz\u0119dzia. Po przeci\u0119ciu linka rozplata si\u0119 i nie ma mo\u017cliwo\u015bci aby j\u0105 ponownie po\u0142\u0105czy\u0107 bez zostawienia \u015bladu. Na aluminiowej komorze plombuj\u0105cej mo\u017cna nanie\u015b\u0107 za pomoc\u0105 grawera laserowego oznaczenia takie jak numeracja, logo i kod kreskowy.<\/p>\n<h4>Plomba posiada certyfikat ISO 17712-2013, jest to typ plomby High Security (H).<\/h4>\n<p>Zawsze zalecamy personalizacj\u0119 plomb, \u017ceby zmniejszy\u0107 ryzyko podmiany plomby i tym samym zwi\u0119kszy\u0107 jej poziom bezpiecze\u0144stwa<\/p>\n<p><strong>Plomba zaci\u0105gana r\u0119cznie, \u015bci\u0105gana narz\u0119dziami.<\/strong><\/p>\n<p>Zastosowanie<\/p>\n<ul>\n<li>kontenery<\/li>\n<li>samochody ci\u0119\u017carowe<\/li>\n<li>wagony kolejowe<\/li>\n<li>autocysterny<\/li>\n<li>naczepy z lekami<\/li>\n<li>bramy<\/li>\n<li>kosze transportowe<\/li>\n<\/ul>\n","protected":false},"excerpt":{"rendered":"<p>Posiada stalow\u0105 link\u0119 i komor\u0119 wykonan\u0105 z aluminium<\/p>\n<h4>ISO 17712-2013<\/h4>\n","protected":false},"featured_media":1344,"template":"","meta":[],"product_brand":[],"product_cat":[35,261,119,33,103,36,59,70],"product_tag":[],"class_list":{"0":"post-569","1":"product","2":"type-product","3":"status-publish","4":"has-post-thumbnail","6":"product_cat-plomby-kablowe","7":"product_cat-plomby-numerowane","8":"product_cat-polecane-produkty","9":"product_cat-plomby-zabezpieczajace","10":"product_cat-plomby-zaciskowe","11":"product_cat-plomby-transportowe","12":"product_cat-plomby-zabezpieczajace-high-security-seal-z-iso-177122013","13":"product_cat-plomby-metalowe","15":"first","16":"instock","17":"featured","18":"taxable","19":"shipping-taxable","20":"purchasable","21":"product-type-simple"},"tiered_pricing_type":"fixed","tiered_pricing_fixed_rules":{"250":"5.70","500":"5.40","1000":"4.1"},"_links":{"self":[{"href":"https:\/\/immersafe.pl\/sklep\/wp-json\/wp\/v2\/product\/569","targetHints":{"allow":["GET"]}}],"collection":[{"href":"https:\/\/immersafe.pl\/sklep\/wp-json\/wp\/v2\/product"}],"about":[{"href":"https:\/\/immersafe.pl\/sklep\/wp-json\/wp\/v2\/types\/product"}],"wp:featuredmedia":[{"embeddable":true,"href":"https:\/\/immersafe.pl\/sklep\/wp-json\/wp\/v2\/media\/1344"}],"wp:attachment":[{"href":"https:\/\/immersafe.pl\/sklep\/wp-json\/wp\/v2\/media?parent=569"}],"wp:term":[{"taxonomy":"product_brand","embeddable":true,"href":"https:\/\/immersafe.pl\/sklep\/wp-json\/wp\/v2\/product_brand?post=569"},{"taxonomy":"product_cat","embeddable":true,"href":"https:\/\/immersafe.pl\/sklep\/wp-json\/wp\/v2\/product_cat?post=569"},{"taxonomy":"product_tag","embeddable":true,"href":"https:\/\/immersafe.pl\/sklep\/wp-json\/wp\/v2\/product_tag?post=569"}],"curies":[{"name":"wp","href":"https:\/\/api.w.org\/{rel}","templated":true}]}}