{"id":609,"date":"2020-09-01T15:32:30","date_gmt":"2020-09-01T15:32:30","guid":{"rendered":"http:\/\/immersafe.sk\/shop\/?post_type=product&#038;p=609"},"modified":"2025-07-25T13:18:44","modified_gmt":"2025-07-25T13:18:44","slug":"etykieta-plombujaca-70x12-mm-czerwona","status":"publish","type":"product","link":"https:\/\/immersafe.pl\/sklep\/produkt\/plomby-zabezpieczajace\/plomby-numerowane\/etykieta-plombujaca-70x12-mm-czerwona\/","title":{"rendered":"Etykieta plombuj\u0105ca 70&#215;12 mm &#8211; czerwona"},"content":{"rendered":"<p>Etykiety plombuj\u0105ce to prosta forma identyfikacji, kt\u00f3ra nie wymaga stosowania specjalistycznych i kosztownych urz\u0105dze\u0144. Stosowanie jej jako etykiety cenowej uniemo\u017cliwia przyklejanie cen na inne produkty w sklepie. Etykiety mo\u017cna dodatkowo opisa\u0107 d\u0142ugopisem.<\/p>\n<p>W celu podniesienia poziomu bezpiecze\u0144stwa proponujemy nanie\u015b\u0107 na etykiet\u0119 kod kreskowy i numeracj\u0119. Numeracja to kolejny ci\u0105g znak\u00f3w, dzi\u0119ki czemu ka\u017cda plomba jest unikatowa. Osobne zakresy numeracji przydzielone do ka\u017cdego klienta s\u0105 przechowywane w systemie, co pozwala na sprawn\u0105 weryfikacj\u0119 poprawno\u015bci zabezpiecze\u0144.<\/p>\n<p>Nadruk na etykiecie jest nanoszony metod\u0105 termo transferow\u0105 i opr\u00f3cz numeracji mo\u017cna nadrukowa\u0107 nazw\u0119 produktu, cen\u0119 oraz logo.<\/p>\n<h5>Klej w tym wariancie nie pozostawia \u015bladu na zaklejonej powierzchni, a napis jest jedynie widoczny na zerwanej plombie. Te etykiety s\u0105 stosowane w miejscach cz\u0119sto plombowanych, np.:<\/h5>\n<ul>\n<li>drzwi do pomieszcze\u0144<\/li>\n<li>kaset bankomatowe<\/li>\n<li>szafki techniczne<\/li>\n<li>mini barki w hotelach<\/li>\n<li>etykiety gwarancyjne<\/li>\n<li>pojemniki wielokrotnego u\u017cytku<\/li>\n<li>stacje robocze i komputery<\/li>\n<li>mierniki ciep\u0142a<\/li>\n<li>okna<\/li>\n<li>elektronika<\/li>\n<li>smartfony<\/li>\n<\/ul>\n","protected":false},"excerpt":{"rendered":"<p>Etykieta VOID 70&#215;12 mm z niebrudz\u0105cym klejem<\/p>\n","protected":false},"featured_media":1326,"template":"","meta":[],"product_brand":[],"product_cat":[20,261,33],"product_tag":[],"class_list":{"0":"post-609","1":"product","2":"type-product","3":"status-publish","4":"has-post-thumbnail","6":"product_cat-etykiety-i-tasmy-void","7":"product_cat-plomby-numerowane","8":"product_cat-plomby-zabezpieczajace","10":"first","11":"instock","12":"taxable","13":"shipping-taxable","14":"purchasable","15":"product-type-simple"},"tiered_pricing_type":"fixed","tiered_pricing_fixed_rules":{"50":"2.16","250":"1.68","500":"1.44","1000":"1.14"},"_links":{"self":[{"href":"https:\/\/immersafe.pl\/sklep\/wp-json\/wp\/v2\/product\/609","targetHints":{"allow":["GET"]}}],"collection":[{"href":"https:\/\/immersafe.pl\/sklep\/wp-json\/wp\/v2\/product"}],"about":[{"href":"https:\/\/immersafe.pl\/sklep\/wp-json\/wp\/v2\/types\/product"}],"wp:featuredmedia":[{"embeddable":true,"href":"https:\/\/immersafe.pl\/sklep\/wp-json\/wp\/v2\/media\/1326"}],"wp:attachment":[{"href":"https:\/\/immersafe.pl\/sklep\/wp-json\/wp\/v2\/media?parent=609"}],"wp:term":[{"taxonomy":"product_brand","embeddable":true,"href":"https:\/\/immersafe.pl\/sklep\/wp-json\/wp\/v2\/product_brand?post=609"},{"taxonomy":"product_cat","embeddable":true,"href":"https:\/\/immersafe.pl\/sklep\/wp-json\/wp\/v2\/product_cat?post=609"},{"taxonomy":"product_tag","embeddable":true,"href":"https:\/\/immersafe.pl\/sklep\/wp-json\/wp\/v2\/product_tag?post=609"}],"curies":[{"name":"wp","href":"https:\/\/api.w.org\/{rel}","templated":true}]}}