{"id":61,"date":"2018-11-27T09:34:52","date_gmt":"2018-11-27T09:34:52","guid":{"rendered":"http:\/\/demo.accesspressthemes.com\/store-mart-lite\/?post_type=product&#038;p=61"},"modified":"2025-07-25T11:32:02","modified_gmt":"2025-07-25T11:32:02","slug":"plomba-do-portfeli-typu-envo","status":"publish","type":"product","link":"https:\/\/immersafe.pl\/sklep\/produkt\/plomby-zabezpieczajace\/plomby-o-stalej-dlugosci\/plomba-do-portfeli-typu-envo\/","title":{"rendered":"Plomba do portfeli typu ENVO"},"content":{"rendered":"<p>Plomba o sta\u0142ej d\u0142ugo\u015bci, do plombowania portfeli i saszetek popularnego systemu typu Envo.<\/p>\n<p>Plomby posiadaj\u0105 kolejn\u0105 numeracj\u0119 i s\u0105 stosowane w hotelach, kasach, parkingach i liniach lotniczych.<\/p>\n<p>Zatrzaskuje si\u0119 w komorze po prawid\u0142owym zamkni\u0119ciu zamka portfela.<\/p>\n","protected":false},"excerpt":{"rendered":"<p>Plomba o sta\u0142ej d\u0142ugo\u015bci, do plombowania portfeli.<\/p>\n","protected":false},"featured_media":1980,"template":"","meta":[],"product_brand":[],"product_cat":[77,261,69,33,72],"product_tag":[],"class_list":{"0":"post-61","1":"product","2":"type-product","3":"status-publish","4":"has-post-thumbnail","6":"product_cat-plomby-o-stalej-dlugosci","7":"product_cat-plomby-numerowane","8":"product_cat-plomby-plastikowe","9":"product_cat-plomby-zabezpieczajace","10":"product_cat-saszetki-na-klucze","12":"first","13":"instock","14":"taxable","15":"shipping-taxable","16":"purchasable","17":"product-type-simple"},"tiered_pricing_type":"fixed","tiered_pricing_fixed_rules":{"50":"2.16","250":"1.2","500":"0.96","1000":"0.72"},"_links":{"self":[{"href":"https:\/\/immersafe.pl\/sklep\/wp-json\/wp\/v2\/product\/61","targetHints":{"allow":["GET"]}}],"collection":[{"href":"https:\/\/immersafe.pl\/sklep\/wp-json\/wp\/v2\/product"}],"about":[{"href":"https:\/\/immersafe.pl\/sklep\/wp-json\/wp\/v2\/types\/product"}],"wp:featuredmedia":[{"embeddable":true,"href":"https:\/\/immersafe.pl\/sklep\/wp-json\/wp\/v2\/media\/1980"}],"wp:attachment":[{"href":"https:\/\/immersafe.pl\/sklep\/wp-json\/wp\/v2\/media?parent=61"}],"wp:term":[{"taxonomy":"product_brand","embeddable":true,"href":"https:\/\/immersafe.pl\/sklep\/wp-json\/wp\/v2\/product_brand?post=61"},{"taxonomy":"product_cat","embeddable":true,"href":"https:\/\/immersafe.pl\/sklep\/wp-json\/wp\/v2\/product_cat?post=61"},{"taxonomy":"product_tag","embeddable":true,"href":"https:\/\/immersafe.pl\/sklep\/wp-json\/wp\/v2\/product_tag?post=61"}],"curies":[{"name":"wp","href":"https:\/\/api.w.org\/{rel}","templated":true}]}}