{"id":611,"date":"2020-09-01T15:38:44","date_gmt":"2020-09-01T15:38:44","guid":{"rendered":"http:\/\/immersafe.sk\/shop\/?post_type=product&#038;p=611"},"modified":"2024-10-17T11:43:19","modified_gmt":"2024-10-17T11:43:19","slug":"portfel-depozytowy-175x240x40","status":"publish","type":"product","link":"https:\/\/immersafe.pl\/sklep\/produkt\/saszetki-na-klucze\/portfel-depozytowy-175x240x40\/","title":{"rendered":"Portfel depozytowy 175x240x40"},"content":{"rendered":"<p>Portfel depozytowy wykonany z bardzo trwa\u0142ego materia\u0142u Cordury. Zabezpieczony wielokolorow\u0105 nici\u0105, dzi\u0119ki czemu \u0142atwo zidentyfikowa\u0107 ingerencj\u0119. Komora plombuj\u0105ca chroniona prawami patentowymi. Okienko wszyte od \u015brodka dzi\u0119ki czemu mo\u017cna bezpiecznie umie\u015bci\u0107 dane osoby uprawionej do otwarcia portfela. Komora zabezpieczana jest plombami jednorazowymi, numerowanymi. Zak\u0142adanie i zdejmowanie plomby odbywa si\u0119 bez u\u017cycia narz\u0119dzi.<\/p>\n<p>Dedykowan\u0105 plomb\u0105 zabezpieczaj\u0105c\u0105 portfel jest plomba Safe Seal.<\/p>\n","protected":false},"excerpt":{"rendered":"<p>Portfel do deponowania kluczy, kart magnetycznych i got\u00f3wki<\/p>\n","protected":false},"featured_media":612,"template":"","meta":[],"product_brand":[],"product_cat":[72],"product_tag":[],"class_list":{"0":"post-611","1":"product","2":"type-product","3":"status-publish","4":"has-post-thumbnail","6":"product_cat-saszetki-na-klucze","8":"first","9":"onbackorder","10":"taxable","11":"shipping-taxable","12":"purchasable","13":"product-type-simple"},"tiered_pricing_type":"fixed","tiered_pricing_fixed_rules":[],"_links":{"self":[{"href":"https:\/\/immersafe.pl\/sklep\/wp-json\/wp\/v2\/product\/611","targetHints":{"allow":["GET"]}}],"collection":[{"href":"https:\/\/immersafe.pl\/sklep\/wp-json\/wp\/v2\/product"}],"about":[{"href":"https:\/\/immersafe.pl\/sklep\/wp-json\/wp\/v2\/types\/product"}],"wp:featuredmedia":[{"embeddable":true,"href":"https:\/\/immersafe.pl\/sklep\/wp-json\/wp\/v2\/media\/612"}],"wp:attachment":[{"href":"https:\/\/immersafe.pl\/sklep\/wp-json\/wp\/v2\/media?parent=611"}],"wp:term":[{"taxonomy":"product_brand","embeddable":true,"href":"https:\/\/immersafe.pl\/sklep\/wp-json\/wp\/v2\/product_brand?post=611"},{"taxonomy":"product_cat","embeddable":true,"href":"https:\/\/immersafe.pl\/sklep\/wp-json\/wp\/v2\/product_cat?post=611"},{"taxonomy":"product_tag","embeddable":true,"href":"https:\/\/immersafe.pl\/sklep\/wp-json\/wp\/v2\/product_tag?post=611"}],"curies":[{"name":"wp","href":"https:\/\/api.w.org\/{rel}","templated":true}]}}