{"id":623,"date":"2020-09-01T15:44:14","date_gmt":"2020-09-01T15:44:14","guid":{"rendered":"http:\/\/immersafe.sk\/shop\/?post_type=product&#038;p=623"},"modified":"2025-07-25T13:15:11","modified_gmt":"2025-07-25T13:15:11","slug":"numerowana-tasma-plombujaca-brazowa","status":"publish","type":"product","link":"https:\/\/immersafe.pl\/sklep\/produkt\/plomby-zabezpieczajace\/plomby-numerowane\/numerowana-tasma-plombujaca-brazowa\/","title":{"rendered":"Numerowana ta\u015bma plombuj\u0105ca &#8211; br\u0105zowa"},"content":{"rendered":"<p>Ta\u015bma bezpieczna VOID jest wszechstronne stosowana, g\u0142\u00f3wnie do zabezpieczania warto\u015bciowych paczek, karton\u00f3w, przesy\u0142ek, palet zawieraj\u0105cych m.in. urz\u0105dzenia elektroniczne, bi\u017cuteri\u0119 czy kosmetyki.<\/p>\n<p>Po odklejeniu od zabezpieczanego pod\u0142o\u017ca, ta\u015bma pozostawia napis, kt\u00f3ry jest widoczny nawet po przyklejeniu ta\u015bmy w to samo miejsce<\/p>\n<p>Dodatkowym zabezpieczeniem jest kolejna unikalna numeracja. Zastosowana perforacja u\u0142atwia dzielenie na mniejsze cz\u0119\u015bci, dzi\u0119ki czemu ta\u015bma mo\u017ce by\u0107 stosowana jako etykieta plombuj\u0105ca o wym. 152,4&#215;51 mm (rolka 50 mb).<\/p>\n<p>Ta\u015bma bardzo dobrze przylega do zabezpieczanej powierzchni.<\/p>\n","protected":false},"excerpt":{"rendered":"<p>Po odklejeniu ujawnia napis OPEN VOID<\/p>\n","protected":false},"featured_media":1334,"template":"","meta":[],"product_brand":[],"product_cat":[33,20,261],"product_tag":[],"class_list":{"0":"post-623","1":"product","2":"type-product","3":"status-publish","4":"has-post-thumbnail","6":"product_cat-plomby-zabezpieczajace","7":"product_cat-etykiety-i-tasmy-void","8":"product_cat-plomby-numerowane","10":"first","11":"instock","12":"taxable","13":"shipping-taxable","14":"purchasable","15":"product-type-variable","16":"has-default-attributes"},"tiered_pricing_type":"fixed","tiered_pricing_fixed_rules":[],"_links":{"self":[{"href":"https:\/\/immersafe.pl\/sklep\/wp-json\/wp\/v2\/product\/623","targetHints":{"allow":["GET"]}}],"collection":[{"href":"https:\/\/immersafe.pl\/sklep\/wp-json\/wp\/v2\/product"}],"about":[{"href":"https:\/\/immersafe.pl\/sklep\/wp-json\/wp\/v2\/types\/product"}],"wp:featuredmedia":[{"embeddable":true,"href":"https:\/\/immersafe.pl\/sklep\/wp-json\/wp\/v2\/media\/1334"}],"wp:attachment":[{"href":"https:\/\/immersafe.pl\/sklep\/wp-json\/wp\/v2\/media?parent=623"}],"wp:term":[{"taxonomy":"product_brand","embeddable":true,"href":"https:\/\/immersafe.pl\/sklep\/wp-json\/wp\/v2\/product_brand?post=623"},{"taxonomy":"product_cat","embeddable":true,"href":"https:\/\/immersafe.pl\/sklep\/wp-json\/wp\/v2\/product_cat?post=623"},{"taxonomy":"product_tag","embeddable":true,"href":"https:\/\/immersafe.pl\/sklep\/wp-json\/wp\/v2\/product_tag?post=623"}],"curies":[{"name":"wp","href":"https:\/\/api.w.org\/{rel}","templated":true}]}}