{"id":65,"date":"2018-11-27T09:37:07","date_gmt":"2018-11-27T09:37:07","guid":{"rendered":"http:\/\/demo.accesspressthemes.com\/store-mart-lite\/?post_type=product&#038;p=65"},"modified":"2025-07-25T13:37:46","modified_gmt":"2025-07-25T13:37:46","slug":"plomba-kontenerowa-bolt-hard-z-iso-177122013","status":"publish","type":"product","link":"https:\/\/immersafe.pl\/sklep\/plomba-kontenerowa-iso-17712-2013\/","title":{"rendered":"Plomba kontenerowa Bolt Hard z ISO 17712:2013"},"content":{"rendered":"<h2>Plomba kontenerowa ISO ze stalowym trzpieniem bez plastikowej obudowy.<\/h2>\n<p>Wysokiej klasy mechanizm plombuj\u0105cy, kt\u00f3ry jest zamkni\u0119ty w korpusie z wytrzyma\u0142ego tworzywa sztucznego wyposa\u017cony w system <strong>NON SPIN<\/strong> czyli w system zapobiegaj\u0105cy rotacji trzpienia. Trwa\u0142a wygrawerowana numeracja jest powt\u00f3rzona na trzpieniu. <strong>Bolt Hard spe\u0142nia standard ISO\/ PAS 17712:2013.<\/strong><\/p>\n<p>Estetyczne blistry, pozwalaj\u0105 na \u0142atwe przechowywanie i szybk\u0105 instalacj\u0119 na kontenerach morskich.<\/p>\n","protected":false},"excerpt":{"rendered":"<p>Plomba kontenerowa z systemem zapobiegaj\u0105cym rotacji trzpienia.<\/p>\n","protected":false},"featured_media":1969,"template":"","meta":[],"product_brand":[],"product_cat":[36,261,33,59,119],"product_tag":[],"class_list":{"0":"post-65","1":"product","2":"type-product","3":"status-publish","4":"has-post-thumbnail","6":"product_cat-plomby-transportowe","7":"product_cat-plomby-numerowane","8":"product_cat-plomby-zabezpieczajace","9":"product_cat-plomby-zabezpieczajace-high-security-seal-z-iso-177122013","10":"product_cat-polecane-produkty","12":"first","13":"instock","14":"taxable","15":"shipping-taxable","16":"purchasable","17":"product-type-simple"},"tiered_pricing_type":"fixed","tiered_pricing_fixed_rules":{"20":"11.4","60":"9.6","100":"7.2","200":"6.6","500":"6","1000":"4.2"},"_links":{"self":[{"href":"https:\/\/immersafe.pl\/sklep\/wp-json\/wp\/v2\/product\/65","targetHints":{"allow":["GET"]}}],"collection":[{"href":"https:\/\/immersafe.pl\/sklep\/wp-json\/wp\/v2\/product"}],"about":[{"href":"https:\/\/immersafe.pl\/sklep\/wp-json\/wp\/v2\/types\/product"}],"wp:featuredmedia":[{"embeddable":true,"href":"https:\/\/immersafe.pl\/sklep\/wp-json\/wp\/v2\/media\/1969"}],"wp:attachment":[{"href":"https:\/\/immersafe.pl\/sklep\/wp-json\/wp\/v2\/media?parent=65"}],"wp:term":[{"taxonomy":"product_brand","embeddable":true,"href":"https:\/\/immersafe.pl\/sklep\/wp-json\/wp\/v2\/product_brand?post=65"},{"taxonomy":"product_cat","embeddable":true,"href":"https:\/\/immersafe.pl\/sklep\/wp-json\/wp\/v2\/product_cat?post=65"},{"taxonomy":"product_tag","embeddable":true,"href":"https:\/\/immersafe.pl\/sklep\/wp-json\/wp\/v2\/product_tag?post=65"}],"curies":[{"name":"wp","href":"https:\/\/api.w.org\/{rel}","templated":true}]}}