{"id":67,"date":"2018-11-27T09:44:42","date_gmt":"2018-11-27T09:44:42","guid":{"rendered":"http:\/\/demo.accesspressthemes.com\/store-mart-lite\/?post_type=product&#038;p=67"},"modified":"2025-07-25T11:32:02","modified_gmt":"2025-07-25T11:32:02","slug":"plomba-kontenerowa-bolt-seal-z-iso-177122013","status":"publish","type":"product","link":"https:\/\/immersafe.pl\/sklep\/produkt\/plomby-zabezpieczajace\/plomby-transportowe\/plomba-kontenerowa-bolt-seal-z-iso-177122013\/","title":{"rendered":"Plomba kontenerowa Bolt Seal z ISO 17712:2013"},"content":{"rendered":"<p>Plomba kontenerowa z stalowym trzpieniem bez plastikowej obudowy. Wysokiej klasy mechanizm plombuj\u0105cy, kt\u00f3ry jest zamkni\u0119ty w korpusie z wytrzyma\u0142ego tworzywa sztucznego. Trwa\u0142a wygrawerowana numeracja jest powt\u00f3rzona na trzpieniu. <strong>Bolt Seal jest przetestowany i spe\u0142nia standard ISO\/ PAS 17712:2013.<\/strong><\/p>\n<p>Estetyczne blistry, pozwalaj\u0105 na \u0142atwe przechowywanie i szybk\u0105 instalacj\u0119 na kontenerach morskich.<\/p>\n","protected":false},"excerpt":{"rendered":"<p>Plomba butelkowa<\/p>\n","protected":false},"featured_media":1216,"template":"","meta":[],"product_brand":[],"product_cat":[36,261,33,59],"product_tag":[],"class_list":{"0":"post-67","1":"product","2":"type-product","3":"status-publish","4":"has-post-thumbnail","6":"product_cat-plomby-transportowe","7":"product_cat-plomby-numerowane","8":"product_cat-plomby-zabezpieczajace","9":"product_cat-plomby-zabezpieczajace-high-security-seal-z-iso-177122013","11":"first","12":"instock","13":"taxable","14":"shipping-taxable","15":"purchasable","16":"product-type-simple"},"tiered_pricing_type":"fixed","tiered_pricing_fixed_rules":{"20":"9.6","60":"7.2","100":"6","200":"5.4","500":"4.8","1000":"3.6"},"_links":{"self":[{"href":"https:\/\/immersafe.pl\/sklep\/wp-json\/wp\/v2\/product\/67","targetHints":{"allow":["GET"]}}],"collection":[{"href":"https:\/\/immersafe.pl\/sklep\/wp-json\/wp\/v2\/product"}],"about":[{"href":"https:\/\/immersafe.pl\/sklep\/wp-json\/wp\/v2\/types\/product"}],"wp:featuredmedia":[{"embeddable":true,"href":"https:\/\/immersafe.pl\/sklep\/wp-json\/wp\/v2\/media\/1216"}],"wp:attachment":[{"href":"https:\/\/immersafe.pl\/sklep\/wp-json\/wp\/v2\/media?parent=67"}],"wp:term":[{"taxonomy":"product_brand","embeddable":true,"href":"https:\/\/immersafe.pl\/sklep\/wp-json\/wp\/v2\/product_brand?post=67"},{"taxonomy":"product_cat","embeddable":true,"href":"https:\/\/immersafe.pl\/sklep\/wp-json\/wp\/v2\/product_cat?post=67"},{"taxonomy":"product_tag","embeddable":true,"href":"https:\/\/immersafe.pl\/sklep\/wp-json\/wp\/v2\/product_tag?post=67"}],"curies":[{"name":"wp","href":"https:\/\/api.w.org\/{rel}","templated":true}]}}