{"id":725,"date":"2020-09-14T16:09:00","date_gmt":"2020-09-14T16:09:00","guid":{"rendered":"http:\/\/immersafe.sk\/shop\/?post_type=product&#038;p=725"},"modified":"2025-07-25T14:37:14","modified_gmt":"2025-07-25T14:37:14","slug":"koperta-medyczna-na-probki-110x135","status":"publish","type":"product","link":"https:\/\/immersafe.pl\/sklep\/produkt\/koperty-i-woreczki\/koperty-bezpieczne\/koperta-medyczna-na-probki-110x135\/","title":{"rendered":"Koperta medyczna na pr\u00f3bki 110&#215;135 mm"},"content":{"rendered":"<p>Sterylna koperta medyczna na pr\u00f3bki w kt\u00f3rej zawarto\u015b\u0107 jest chroniona dzi\u0119ki kilku poziomom zabezpiecze\u0144. Zamkni\u0119cie ze specjaln\u0105 ta\u015bm\u0105 zabezpiecza zawarto\u015b\u0107 przed manipulacj\u0105 i jest odporne na przeciekanie. To kompleksowe, sterylne i \u0142atwe w u\u017cyciu rozwi\u0105zanie do pobierania pr\u00f3bek i zwi\u0119kszenia ich bezpiecze\u0144stwa w transporcie.<\/p>\n<p>Medyczna koperta na pr\u00f3bki zosta\u0142a zaprojektowana z my\u015bl\u0105 o globalnym przemy\u015ble pobierania pr\u00f3bek, w tym dla bran\u017cy medycznej, test\u00f3w farmaceutycznych, przemys\u0142u spo\u017cywczego i biotechnologicznego. Dzi\u0119ki nowoczesnemu procesowi drukowania, ka\u017cda koperta jest podw\u00f3jnie znakowana unikaln\u0105 liczb\u0105 i identyfikacj\u0105 kod\u00f3w kreskowych, co eliminuje potrzeb\u0119 drugorz\u0119dnego drukowania, etykietowania lub b\u0142\u0119du ludzkiego.<\/p>\n","protected":false},"excerpt":{"rendered":"<p>Sterylna koperta z wielopoziomowym zabezpieczeniem<\/p>\n","protected":false},"featured_media":1297,"template":"","meta":[],"product_brand":[],"product_cat":[23],"product_tag":[],"class_list":{"0":"post-725","1":"product","2":"type-product","3":"status-publish","4":"has-post-thumbnail","6":"product_cat-koperty-bezpieczne","8":"first","9":"onbackorder","10":"taxable","11":"shipping-taxable","12":"purchasable","13":"product-type-simple"},"tiered_pricing_type":"fixed","tiered_pricing_fixed_rules":{"50":"13.20","100":"12.60","250":"11.88","500":"11.28","1000":"9.9"},"_links":{"self":[{"href":"https:\/\/immersafe.pl\/sklep\/wp-json\/wp\/v2\/product\/725","targetHints":{"allow":["GET"]}}],"collection":[{"href":"https:\/\/immersafe.pl\/sklep\/wp-json\/wp\/v2\/product"}],"about":[{"href":"https:\/\/immersafe.pl\/sklep\/wp-json\/wp\/v2\/types\/product"}],"wp:featuredmedia":[{"embeddable":true,"href":"https:\/\/immersafe.pl\/sklep\/wp-json\/wp\/v2\/media\/1297"}],"wp:attachment":[{"href":"https:\/\/immersafe.pl\/sklep\/wp-json\/wp\/v2\/media?parent=725"}],"wp:term":[{"taxonomy":"product_brand","embeddable":true,"href":"https:\/\/immersafe.pl\/sklep\/wp-json\/wp\/v2\/product_brand?post=725"},{"taxonomy":"product_cat","embeddable":true,"href":"https:\/\/immersafe.pl\/sklep\/wp-json\/wp\/v2\/product_cat?post=725"},{"taxonomy":"product_tag","embeddable":true,"href":"https:\/\/immersafe.pl\/sklep\/wp-json\/wp\/v2\/product_tag?post=725"}],"curies":[{"name":"wp","href":"https:\/\/api.w.org\/{rel}","templated":true}]}}