{"id":78,"date":"2018-11-27T09:56:37","date_gmt":"2018-11-27T09:56:37","guid":{"rendered":"http:\/\/demo.accesspressthemes.com\/store-mart-lite\/?post_type=product&#038;p=78"},"modified":"2025-07-30T10:08:34","modified_gmt":"2025-07-30T10:08:34","slug":"nozyce-do-plomb-760-mm","status":"publish","type":"product","link":"https:\/\/immersafe.pl\/sklep\/produkt\/zastosowania\/narzedzia\/nozyce-do-plomb-760-mm\/","title":{"rendered":"No\u017cyce do plomb 760 mm"},"content":{"rendered":"<div id=\"box_description\" class=\"box tab\">\n<div class=\"innerbox\">\n<div class=\"resetcss\">\n<p>No\u017cyce do plomb 760 mm<\/p>\n<p>No\u017cyce do przecinania plomb s\u0105 wykonane z kutej, utwardzonej stali w\u0119glowej. Nadaj\u0105 si\u0119 do \u015bci\u0105gania plomb butelkowych, kablowych i paskowych metalowych. No\u017cyce maj\u0105 regulowane r\u0119koje\u015bci, gumowe nasadki i rurowe r\u0119koje\u015bci, co zapewnia maksymaln\u0105 si\u0119 nacisku.<\/p>\n<p>&nbsp;<\/p>\n<\/div>\n<\/div>\n<\/div>\n","protected":false},"excerpt":{"rendered":"<p>No\u017cyce do przecinania plomb kablowych i kontenerowych<\/p>\n","protected":false},"featured_media":585,"template":"","meta":[],"product_brand":[],"product_cat":[121,36,33,38],"product_tag":[],"class_list":{"0":"post-78","1":"product","2":"type-product","3":"status-publish","4":"has-post-thumbnail","6":"product_cat-narzedzia","7":"product_cat-plomby-transportowe","8":"product_cat-plomby-zabezpieczajace","9":"product_cat-zastosowania","11":"first","12":"instock","13":"taxable","14":"shipping-taxable","15":"purchasable","16":"product-type-simple"},"tiered_pricing_type":"fixed","tiered_pricing_fixed_rules":[],"_links":{"self":[{"href":"https:\/\/immersafe.pl\/sklep\/wp-json\/wp\/v2\/product\/78","targetHints":{"allow":["GET"]}}],"collection":[{"href":"https:\/\/immersafe.pl\/sklep\/wp-json\/wp\/v2\/product"}],"about":[{"href":"https:\/\/immersafe.pl\/sklep\/wp-json\/wp\/v2\/types\/product"}],"wp:featuredmedia":[{"embeddable":true,"href":"https:\/\/immersafe.pl\/sklep\/wp-json\/wp\/v2\/media\/585"}],"wp:attachment":[{"href":"https:\/\/immersafe.pl\/sklep\/wp-json\/wp\/v2\/media?parent=78"}],"wp:term":[{"taxonomy":"product_brand","embeddable":true,"href":"https:\/\/immersafe.pl\/sklep\/wp-json\/wp\/v2\/product_brand?post=78"},{"taxonomy":"product_cat","embeddable":true,"href":"https:\/\/immersafe.pl\/sklep\/wp-json\/wp\/v2\/product_cat?post=78"},{"taxonomy":"product_tag","embeddable":true,"href":"https:\/\/immersafe.pl\/sklep\/wp-json\/wp\/v2\/product_tag?post=78"}],"curies":[{"name":"wp","href":"https:\/\/api.w.org\/{rel}","templated":true}]}}