{"id":80,"date":"2018-11-27T09:57:24","date_gmt":"2018-11-27T09:57:24","guid":{"rendered":"http:\/\/demo.accesspressthemes.com\/store-mart-lite\/?post_type=product&#038;p=80"},"modified":"2025-07-25T13:23:54","modified_gmt":"2025-07-25T13:23:54","slug":"plomba-zabezpieczajaca-key-lock","status":"publish","type":"product","link":"https:\/\/immersafe.pl\/sklep\/produkt\/plomby-zabezpieczajace\/plomby-na-liczniki\/plomba-zabezpieczajaca-key-lock\/","title":{"rendered":"Plomba zabezpieczaj\u0105ca Key Lock"},"content":{"rendered":"<p>Key Lock jest plomb\u0105 k\u0142\u00f3dkow\u0105 sk\u0142adaj\u0105c\u0105 si\u0119 z obudowy wykonanej z polistyrenu (SAN) oraz kab\u0142\u0105ka ze stali nierdzewnej.<\/p>\n<p>Nadaje si\u0119 do stosowania na pojemnikach i beczkach, kasetkach transportowych, p\u0119kach kluczy, itp.<\/p>\n<p>Bezpieczny system zatrzaskowy i p\u00f3\u0142przezroczysta obudowa pozwalaj\u0105 na szybk\u0105 kontrol\u0119 poprawno\u015bci zamkni\u0119cia oraz braku \u015blad\u00f3w w\u0142amania. Obudowa przy pr\u00f3bie ingerencji ulega zniszczeniu.<\/p>\n","protected":false},"excerpt":{"rendered":"<p>Key Lock jest plomb\u0105 k\u0142\u00f3dkow\u0105 z polistyrenu (SAN) oraz stali nierdzewnej do stosowania na pojemnikach i beczkach, kasetkach, p\u0119kach kluczy, itp<\/p>\n","protected":false},"featured_media":1223,"template":"","meta":[],"product_brand":[],"product_cat":[47,261,33],"product_tag":[],"class_list":{"0":"post-80","1":"product","2":"type-product","3":"status-publish","4":"has-post-thumbnail","6":"product_cat-plomby-na-liczniki","7":"product_cat-plomby-numerowane","8":"product_cat-plomby-zabezpieczajace","10":"first","11":"onbackorder","12":"taxable","13":"shipping-taxable","14":"purchasable","15":"product-type-simple"},"tiered_pricing_type":"fixed","tiered_pricing_fixed_rules":{"50":"7.2","250":"6.6","500":"6","1000":"5.4"},"_links":{"self":[{"href":"https:\/\/immersafe.pl\/sklep\/wp-json\/wp\/v2\/product\/80","targetHints":{"allow":["GET"]}}],"collection":[{"href":"https:\/\/immersafe.pl\/sklep\/wp-json\/wp\/v2\/product"}],"about":[{"href":"https:\/\/immersafe.pl\/sklep\/wp-json\/wp\/v2\/types\/product"}],"wp:featuredmedia":[{"embeddable":true,"href":"https:\/\/immersafe.pl\/sklep\/wp-json\/wp\/v2\/media\/1223"}],"wp:attachment":[{"href":"https:\/\/immersafe.pl\/sklep\/wp-json\/wp\/v2\/media?parent=80"}],"wp:term":[{"taxonomy":"product_brand","embeddable":true,"href":"https:\/\/immersafe.pl\/sklep\/wp-json\/wp\/v2\/product_brand?post=80"},{"taxonomy":"product_cat","embeddable":true,"href":"https:\/\/immersafe.pl\/sklep\/wp-json\/wp\/v2\/product_cat?post=80"},{"taxonomy":"product_tag","embeddable":true,"href":"https:\/\/immersafe.pl\/sklep\/wp-json\/wp\/v2\/product_tag?post=80"}],"curies":[{"name":"wp","href":"https:\/\/api.w.org\/{rel}","templated":true}]}}