{"id":82,"date":"2018-11-27T09:58:21","date_gmt":"2018-11-27T09:58:21","guid":{"rendered":"http:\/\/demo.accesspressthemes.com\/store-mart-lite\/?post_type=product&#038;p=82"},"modified":"2025-07-25T11:32:02","modified_gmt":"2025-07-25T11:32:02","slug":"plomba-zaciskowa-big-flag","status":"publish","type":"product","link":"https:\/\/immersafe.pl\/sklep\/plomby-zabezpieczajace\/plomby-plastikowe\/plomba-zaciskowa-big-flag\/","title":{"rendered":"Plomba zaciskowa BIG FLAG"},"content":{"rendered":"<p>Nowoczesna plomba zaciskowa o du\u017cej wytrzyma\u0142o\u015bci wykonana z tworzywa sztucznego. Zalet\u0105 tej plomby zabezpieczaj\u0105cej jest du\u017ca flaga, kt\u00f3ra jest przystosowana do nadruk\u00f3w logo, nazwy lub innych oznacze\u0144 wed\u0142ug potrzeb klienta.<\/p>\n<p>Si\u0142a zrywania plomby zaciskowej Big Flag wynosi 30 Kg. Gruby pasek zapewnia wysok\u0105 wytrzyma\u0142o\u015b\u0107 na rozci\u0105ganie, a nadmiar paska mo\u017ce zosta\u0107 zap\u0119tlony przez szczelin\u0119.<\/p>\n<p>Na plomb\u0119 za pomoc\u0105 grawera laserowego jest nanoszona trwa\u0142a numeracja seryjna. Dodatkowo nadruk kodu kreskowego, nazwy lub logo klienta.<\/p>\n<p><strong>ZASTOSOWANIE<\/strong><\/p>\n<ul>\n<li>Roll Cage<\/li>\n<li>du\u017ce worki pocztowe<\/li>\n<li>worki bankowe<\/li>\n<\/ul>\n","protected":false},"excerpt":{"rendered":"<p>Plomba z du\u017c\u0105 flag\u0105<\/p>\n","protected":false},"featured_media":580,"template":"","meta":[],"product_brand":[],"product_cat":[103,261,69,33],"product_tag":[],"class_list":{"0":"post-82","1":"product","2":"type-product","3":"status-publish","4":"has-post-thumbnail","6":"product_cat-plomby-zaciskowe","7":"product_cat-plomby-numerowane","8":"product_cat-plomby-plastikowe","9":"product_cat-plomby-zabezpieczajace","11":"first","12":"instock","13":"taxable","14":"shipping-taxable","15":"purchasable","16":"product-type-simple"},"tiered_pricing_type":"fixed","tiered_pricing_fixed_rules":{"50":"3","250":"2.4","500":"1.8","1000":"1.2"},"_links":{"self":[{"href":"https:\/\/immersafe.pl\/sklep\/wp-json\/wp\/v2\/product\/82","targetHints":{"allow":["GET"]}}],"collection":[{"href":"https:\/\/immersafe.pl\/sklep\/wp-json\/wp\/v2\/product"}],"about":[{"href":"https:\/\/immersafe.pl\/sklep\/wp-json\/wp\/v2\/types\/product"}],"wp:featuredmedia":[{"embeddable":true,"href":"https:\/\/immersafe.pl\/sklep\/wp-json\/wp\/v2\/media\/580"}],"wp:attachment":[{"href":"https:\/\/immersafe.pl\/sklep\/wp-json\/wp\/v2\/media?parent=82"}],"wp:term":[{"taxonomy":"product_brand","embeddable":true,"href":"https:\/\/immersafe.pl\/sklep\/wp-json\/wp\/v2\/product_brand?post=82"},{"taxonomy":"product_cat","embeddable":true,"href":"https:\/\/immersafe.pl\/sklep\/wp-json\/wp\/v2\/product_cat?post=82"},{"taxonomy":"product_tag","embeddable":true,"href":"https:\/\/immersafe.pl\/sklep\/wp-json\/wp\/v2\/product_tag?post=82"}],"curies":[{"name":"wp","href":"https:\/\/api.w.org\/{rel}","templated":true}]}}