{"id":84,"date":"2018-11-27T09:59:10","date_gmt":"2018-11-27T09:59:10","guid":{"rendered":"http:\/\/demo.accesspressthemes.com\/store-mart-lite\/?post_type=product&#038;p=84"},"modified":"2025-07-25T11:32:02","modified_gmt":"2025-07-25T11:32:02","slug":"plomba-typu-roto-twist-lock","status":"publish","type":"product","link":"https:\/\/immersafe.pl\/sklep\/produkt\/plomby-zabezpieczajace\/plomby-na-liczniki\/plomba-typu-roto-twist-lock\/","title":{"rendered":"Plomba typu roto &#8211; TWIST LOCK"},"content":{"rendered":"<p>Plomba Twist Lock jest dedykowana do licznik\u00f3w, zawor\u00f3w albo beczek. Sk\u0142ada si\u0119 z transparentnej obudowy, kt\u00f3ra pozwala na kontrol\u0119 zamkni\u0119cia plomby oraz kolorowego trzpienia obracanego tylko w jedn\u0105 stron\u0119.<\/p>\n<p>Plomba jest zamykana bez u\u017cycia narz\u0119dzi, a samo plombowanie nast\u0119puje poprzez pe\u0142ny obr\u00f3t trzpienia zgodnie z ruchem wskaz\u00f3wek zegara (przynajmniej jeden taki obr\u00f3t). W trakcie obracania trzpienia nast\u0119puje nawini\u0119cie linki na jego obw\u00f3d i jednoczesne zablokowanie plomby. Po nawleczeniu linki na po\u017c\u0105dan\u0105 d\u0142ugo\u015b\u0107 pokr\u0119t\u0142o nale\u017cy od\u0142ama\u0107.<\/p>\n<p>Dodatkowo plomba jest wyposa\u017cona we flag\u0119, na kt\u00f3rej za pomoc\u0105 grawera laserowego mo\u017cna nanie\u015b\u0107 numeracj\u0119. Ka\u017cda ingerencja w otwarcie plomby lub usuni\u0119cie numeracji pozostawi widoczne \u015blady na plombie.<\/p>\n","protected":false},"excerpt":{"rendered":"<p>Dedykowana plomba do licznik\u00f3w, zawor\u00f3w albo beczek<\/p>\n","protected":false},"featured_media":490,"template":"","meta":[],"product_brand":[],"product_cat":[47,261,33],"product_tag":[],"class_list":{"0":"post-84","1":"product","2":"type-product","3":"status-publish","4":"has-post-thumbnail","6":"product_cat-plomby-na-liczniki","7":"product_cat-plomby-numerowane","8":"product_cat-plomby-zabezpieczajace","10":"first","11":"instock","12":"taxable","13":"shipping-taxable","14":"purchasable","15":"product-type-simple"},"tiered_pricing_type":"fixed","tiered_pricing_fixed_rules":{"50":"2.4","250":"1.80","500":"1.56","1000":"0.96"},"_links":{"self":[{"href":"https:\/\/immersafe.pl\/sklep\/wp-json\/wp\/v2\/product\/84","targetHints":{"allow":["GET"]}}],"collection":[{"href":"https:\/\/immersafe.pl\/sklep\/wp-json\/wp\/v2\/product"}],"about":[{"href":"https:\/\/immersafe.pl\/sklep\/wp-json\/wp\/v2\/types\/product"}],"wp:featuredmedia":[{"embeddable":true,"href":"https:\/\/immersafe.pl\/sklep\/wp-json\/wp\/v2\/media\/490"}],"wp:attachment":[{"href":"https:\/\/immersafe.pl\/sklep\/wp-json\/wp\/v2\/media?parent=84"}],"wp:term":[{"taxonomy":"product_brand","embeddable":true,"href":"https:\/\/immersafe.pl\/sklep\/wp-json\/wp\/v2\/product_brand?post=84"},{"taxonomy":"product_cat","embeddable":true,"href":"https:\/\/immersafe.pl\/sklep\/wp-json\/wp\/v2\/product_cat?post=84"},{"taxonomy":"product_tag","embeddable":true,"href":"https:\/\/immersafe.pl\/sklep\/wp-json\/wp\/v2\/product_tag?post=84"}],"curies":[{"name":"wp","href":"https:\/\/api.w.org\/{rel}","templated":true}]}}