{"id":88,"date":"2018-11-27T10:01:30","date_gmt":"2018-11-27T10:01:30","guid":{"rendered":"http:\/\/demo.accesspressthemes.com\/store-mart-lite\/?post_type=product&#038;p=88"},"modified":"2025-07-25T11:32:01","modified_gmt":"2025-07-25T11:32:01","slug":"plomba-zabezpieczajaca-globe-metal-seal","status":"publish","type":"product","link":"https:\/\/immersafe.pl\/sklep\/produkt\/plomby-zabezpieczajace\/plomby-metalowe\/plomba-zabezpieczajaca-globe-metal-seal\/","title":{"rendered":"Plomba zabezpieczaj\u0105ca GLOBE METAL SEAL"},"content":{"rendered":"<p>Plomba zabezpieczaj\u0105ca Globe Metal Seal. Metalowa plomba o sta\u0142ej d\u0142ugo\u015bci z wyt\u0142oczon\u0105 numeracj\u0105 na pasku.<\/p>\n","protected":false},"excerpt":{"rendered":"<p>Plomba zabezpieczaj\u0105ca Globe Metal Seal<\/p>\n","protected":false},"featured_media":492,"template":"","meta":[],"product_brand":[],"product_cat":[70,261,77,33],"product_tag":[],"class_list":{"0":"post-88","1":"product","2":"type-product","3":"status-publish","4":"has-post-thumbnail","6":"product_cat-plomby-metalowe","7":"product_cat-plomby-numerowane","8":"product_cat-plomby-o-stalej-dlugosci","9":"product_cat-plomby-zabezpieczajace","11":"first","12":"instock","13":"taxable","14":"shipping-taxable","15":"purchasable","16":"product-type-simple"},"tiered_pricing_type":"fixed","tiered_pricing_fixed_rules":{"50":"2.4","250":"1.8","500":"1.4","1000":"0.72"},"_links":{"self":[{"href":"https:\/\/immersafe.pl\/sklep\/wp-json\/wp\/v2\/product\/88","targetHints":{"allow":["GET"]}}],"collection":[{"href":"https:\/\/immersafe.pl\/sklep\/wp-json\/wp\/v2\/product"}],"about":[{"href":"https:\/\/immersafe.pl\/sklep\/wp-json\/wp\/v2\/types\/product"}],"wp:featuredmedia":[{"embeddable":true,"href":"https:\/\/immersafe.pl\/sklep\/wp-json\/wp\/v2\/media\/492"}],"wp:attachment":[{"href":"https:\/\/immersafe.pl\/sklep\/wp-json\/wp\/v2\/media?parent=88"}],"wp:term":[{"taxonomy":"product_brand","embeddable":true,"href":"https:\/\/immersafe.pl\/sklep\/wp-json\/wp\/v2\/product_brand?post=88"},{"taxonomy":"product_cat","embeddable":true,"href":"https:\/\/immersafe.pl\/sklep\/wp-json\/wp\/v2\/product_cat?post=88"},{"taxonomy":"product_tag","embeddable":true,"href":"https:\/\/immersafe.pl\/sklep\/wp-json\/wp\/v2\/product_tag?post=88"}],"curies":[{"name":"wp","href":"https:\/\/api.w.org\/{rel}","templated":true}]}}