{"id":92,"date":"2018-11-27T10:02:55","date_gmt":"2018-11-27T10:02:55","guid":{"rendered":"http:\/\/demo.accesspressthemes.com\/store-mart-lite\/?post_type=product&#038;p=92"},"modified":"2025-07-28T15:42:18","modified_gmt":"2025-07-28T15:42:18","slug":"plomba-kablowa-mini-lock-1-8","status":"publish","type":"product","link":"https:\/\/immersafe.pl\/sklep\/produkt\/plomby-zabezpieczajace\/plomby-kablowe\/plomba-kablowa-mini-lock-1-8\/","title":{"rendered":"Plomba kablowa Mini Cable Lock 180"},"content":{"rendered":"<h2>Plomba kablowa o zmiennej d\u0142ugo\u015bci posiadaj\u0105ca plecion\u0105 i elastyczn\u0105 stalow\u0105 link\u0119.<\/h2>\n<p>Jeden z ko\u0144c\u00f3w linki zamocowany na sta\u0142e w komorze plombuj\u0105cej. D\u0142ugo\u015b\u0107 plomby jest regulowana poprzez przeprowadzenie stalowej linki przez otw\u00f3r komory plombuj\u0105cej i zaci\u0105gni\u0119cie jej na po\u017c\u0105dan\u0105 d\u0142ugo\u015b\u0107. Po zamkni\u0119ciu nie ma mo\u017cliwo\u015bci ponownego otwarcia plomby, a do jej usuni\u0119cia niezb\u0119dne jest u\u017cycie narz\u0119dzia. Po przeci\u0119ciu linka rozplata si\u0119 i nie ma mo\u017cliwo\u015bci aby j\u0105 ponownie po\u0142\u0105czy\u0107 bez zostawienia \u015bladu.<\/p>\n<p>Kraw\u0119dzie otwor\u00f3w w komorze zosta\u0142y wzmocnione elementami z cynku, \u017ceby uniemo\u017cliwi\u0107 dost\u0119p do mechanizmu plombuj\u0105cego. Metalowa komora plombuj\u0105ca oblana jest plastikiem ABS. Na komor\u0119 mo\u017cna nanie\u015b\u0107 numeracj\u0119, logo i kod kreskowy wykonany grawerem laserowym.<\/p>\n","protected":false},"excerpt":{"rendered":"<p>Komora plombuj\u0105ca wykonana z metalu i ABS<\/p>\n","protected":false},"featured_media":2124,"template":"","meta":[],"product_brand":[],"product_cat":[33,35,70,261,36,103,119],"product_tag":[],"class_list":{"0":"post-92","1":"product","2":"type-product","3":"status-publish","4":"has-post-thumbnail","6":"product_cat-plomby-zabezpieczajace","7":"product_cat-plomby-kablowe","8":"product_cat-plomby-metalowe","9":"product_cat-plomby-numerowane","10":"product_cat-plomby-transportowe","11":"product_cat-plomby-zaciskowe","12":"product_cat-polecane-produkty","14":"first","15":"instock","16":"taxable","17":"shipping-taxable","18":"purchasable","19":"product-type-simple"},"tiered_pricing_type":"fixed","tiered_pricing_fixed_rules":{"250":"5.76","500":"5.16","1000":"4.8"},"_links":{"self":[{"href":"https:\/\/immersafe.pl\/sklep\/wp-json\/wp\/v2\/product\/92","targetHints":{"allow":["GET"]}}],"collection":[{"href":"https:\/\/immersafe.pl\/sklep\/wp-json\/wp\/v2\/product"}],"about":[{"href":"https:\/\/immersafe.pl\/sklep\/wp-json\/wp\/v2\/types\/product"}],"wp:featuredmedia":[{"embeddable":true,"href":"https:\/\/immersafe.pl\/sklep\/wp-json\/wp\/v2\/media\/2124"}],"wp:attachment":[{"href":"https:\/\/immersafe.pl\/sklep\/wp-json\/wp\/v2\/media?parent=92"}],"wp:term":[{"taxonomy":"product_brand","embeddable":true,"href":"https:\/\/immersafe.pl\/sklep\/wp-json\/wp\/v2\/product_brand?post=92"},{"taxonomy":"product_cat","embeddable":true,"href":"https:\/\/immersafe.pl\/sklep\/wp-json\/wp\/v2\/product_cat?post=92"},{"taxonomy":"product_tag","embeddable":true,"href":"https:\/\/immersafe.pl\/sklep\/wp-json\/wp\/v2\/product_tag?post=92"}],"curies":[{"name":"wp","href":"https:\/\/api.w.org\/{rel}","templated":true}]}}